{"id":575,"date":"2024-08-15T09:57:54","date_gmt":"2024-08-15T09:57:54","guid":{"rendered":"https:\/\/modilita.lt\/massgeschneiderte-loesungen\/"},"modified":"2025-07-17T08:41:06","modified_gmt":"2025-07-17T08:41:06","slug":"massgeschneiderte-loesungen","status":"publish","type":"page","link":"https:\/\/modilita.lt\/de\/massgeschneiderte-loesungen\/","title":{"rendered":"Individuelle L\u00f6sungen"},"content":{"rendered":"\n<div class=\"wp-block-group alignwide animated-block is-layout-constrained wp-block-group-is-layout-constrained\">\n<div class=\"wp-block-cover alignwide has-custom-content-position is-position-bottom-center desktoponly\" style=\"padding-top:var(--wp--preset--spacing--cover-vertical);padding-right:0;padding-bottom:var(--wp--preset--spacing--cover-vertical);padding-left:0;min-height:36vw;aspect-ratio:unset;\"><img loading=\"lazy\" decoding=\"async\" width=\"1800\" height=\"692\" class=\"wp-block-cover__image-background wp-image-127\" alt=\"\" src=\"https:\/\/modilita.lt\/wp-content\/uploads\/2024\/08\/Rectangle-21.png\" data-object-fit=\"cover\" srcset=\"https:\/\/modilita.lt\/wp-content\/uploads\/2024\/08\/Rectangle-21.png 1800w, https:\/\/modilita.lt\/wp-content\/uploads\/2024\/08\/Rectangle-21-800x308.png 800w, https:\/\/modilita.lt\/wp-content\/uploads\/2024\/08\/Rectangle-21-1024x394.png 1024w, https:\/\/modilita.lt\/wp-content\/uploads\/2024\/08\/Rectangle-21-768x295.png 768w, https:\/\/modilita.lt\/wp-content\/uploads\/2024\/08\/Rectangle-21-1536x591.png 1536w\" sizes=\"auto, (max-width: 1800px) 100vw, 1800px\" \/><span aria-hidden=\"true\" class=\"wp-block-cover__background has-background-dim-30 has-background-dim wp-block-cover__gradient-background has-background-gradient\" style=\"background:linear-gradient(180deg,rgba(255,255,255,0) 0%,rgb(0,0,0) 100%)\"><\/span><div class=\"wp-block-cover__inner-container is-layout-constrained wp-container-core-cover-is-layout-1bb0d2ca wp-block-cover-is-layout-constrained\">\n<div class=\"wp-block-group is-layout-constrained wp-block-group-is-layout-constrained\">\n<h1 class=\"wp-block-heading\" style=\"margin-top:0;margin-right:0;margin-bottom:0;margin-left:0\">Individuelle L\u00f6sungen<\/h1>\n<\/div>\n<\/div><\/div>\n\n\n\n<div class=\"wp-block-cover alignwide has-custom-content-position is-position-bottom-center mobileonly\" style=\"padding-top:var(--wp--preset--spacing--cover-vertical);padding-right:var(--wp--preset--spacing--cover-vertical);padding-bottom:var(--wp--preset--spacing--cover-vertical);padding-left:var(--wp--preset--spacing--cover-vertical);min-height:100vw;aspect-ratio:unset;\"><img loading=\"lazy\" decoding=\"async\" width=\"2048\" height=\"2048\" class=\"wp-block-cover__image-background wp-image-1071\" alt=\"\" src=\"https:\/\/modilita.lt\/wp-content\/uploads\/2024\/09\/Modilita-individualus-sprendimai-titulinis.jpg\" data-object-fit=\"cover\" srcset=\"https:\/\/modilita.lt\/wp-content\/uploads\/2024\/09\/Modilita-individualus-sprendimai-titulinis.jpg 2048w, https:\/\/modilita.lt\/wp-content\/uploads\/2024\/09\/Modilita-individualus-sprendimai-titulinis-800x800.jpg 800w, https:\/\/modilita.lt\/wp-content\/uploads\/2024\/09\/Modilita-individualus-sprendimai-titulinis-1024x1024.jpg 1024w, https:\/\/modilita.lt\/wp-content\/uploads\/2024\/09\/Modilita-individualus-sprendimai-titulinis-150x150.jpg 150w, https:\/\/modilita.lt\/wp-content\/uploads\/2024\/09\/Modilita-individualus-sprendimai-titulinis-768x768.jpg 768w, https:\/\/modilita.lt\/wp-content\/uploads\/2024\/09\/Modilita-individualus-sprendimai-titulinis-1536x1536.jpg 1536w\" sizes=\"auto, (max-width: 2048px) 100vw, 2048px\" \/><span aria-hidden=\"true\" class=\"wp-block-cover__background has-background-dim-30 has-background-dim wp-block-cover__gradient-background has-background-gradient\" style=\"background:linear-gradient(180deg,rgba(255,255,255,0) 0%,rgb(0,0,0) 100%)\"><\/span><div class=\"wp-block-cover__inner-container is-layout-constrained wp-container-core-cover-is-layout-eb734a14 wp-block-cover-is-layout-constrained\">\n<div class=\"wp-block-group is-layout-constrained wp-block-group-is-layout-constrained\">\n<h1 class=\"wp-block-heading\" style=\"margin-top:0;margin-right:0;margin-bottom:0;margin-left:0\">Individuelle L\u00f6sungen<\/h1>\n<\/div>\n<\/div><\/div>\n<\/div>\n\n<div class=\"wp-block-group alignfull -z-1 is-layout-constrained wp-block-group-is-layout-constrained\" style=\"padding-top:var(--wp--preset--spacing--small-section-spacer);padding-bottom:var(--wp--preset--spacing--small-section-spacer)\">\n<div class=\"wp-block-group animated-block is-content-justification-space-between is-layout-flex wp-container-core-group-is-layout-d7fb8128 wp-block-group-is-layout-flex\">\n<h4 class=\"wp-block-heading\" style=\"margin-bottom:var(--wp--preset--spacing--mid-spacing)\">Beschreibung<\/h4>\n\n\n\n<p class=\"wp-container-content-ea63e887\">Durch die Kombination mehrerer Modulh\u00e4user und unter Ber\u00fccksichtigung der konkreten Bed\u00fcrfnisse sowie des Standorts k\u00f6nnen wir ein individuelles Objekt schaffen, das alle erfreuen wird. F\u00fcr den Zusammenbau eignen sich Medi, Maxi oder sogar der f\u00fcr Sauna-Genu\u00df vorgesehene Modul.<\/p>\n<\/div>\n<\/div>\n\n<div class=\"wp-block-group alignfull has-dark-slate-grey-background-color has-background is-vertical is-content-justification-stretch is-layout-flex wp-container-core-group-is-layout-6f409b62 wp-block-group-is-layout-flex\" style=\"padding-top:var(--wp--preset--spacing--section-spacer);padding-bottom:var(--wp--preset--spacing--section-spacer)\">\n<div class=\"wp-block-columns is-layout-flex wp-container-core-columns-is-layout-9d6595d7 wp-block-columns-is-layout-flex\">\n<div class=\"wp-block-column animated-block is-layout-flow wp-block-column-is-layout-flow\" style=\"flex-basis:56%\">\n<div class=\"wp-block-group dotted-slick is-layout-constrained wp-block-group-is-layout-constrained\">\n<figure class=\"wp-block-image size-large\"><img loading=\"lazy\" decoding=\"async\" width=\"1024\" height=\"684\" src=\"https:\/\/modilita.lt\/wp-content\/uploads\/2024\/08\/Individualus-sprendimai_1-1024x684.jpg\" alt=\"\" class=\"wp-image-200\" srcset=\"https:\/\/modilita.lt\/wp-content\/uploads\/2024\/08\/Individualus-sprendimai_1-1024x684.jpg 1024w, https:\/\/modilita.lt\/wp-content\/uploads\/2024\/08\/Individualus-sprendimai_1-800x534.jpg 800w, https:\/\/modilita.lt\/wp-content\/uploads\/2024\/08\/Individualus-sprendimai_1-768x513.jpg 768w, https:\/\/modilita.lt\/wp-content\/uploads\/2024\/08\/Individualus-sprendimai_1.jpg 1518w\" sizes=\"auto, (max-width: 1024px) 100vw, 1024px\" \/><\/figure>\n\n\n\n<figure class=\"wp-block-image size-large\"><img loading=\"lazy\" decoding=\"async\" width=\"1024\" height=\"684\" src=\"https:\/\/modilita.lt\/wp-content\/uploads\/2024\/08\/Individualus-sprendimai_2-1-1024x684.jpg\" alt=\"\" class=\"wp-image-335\" srcset=\"https:\/\/modilita.lt\/wp-content\/uploads\/2024\/08\/Individualus-sprendimai_2-1-1024x684.jpg 1024w, https:\/\/modilita.lt\/wp-content\/uploads\/2024\/08\/Individualus-sprendimai_2-1-800x534.jpg 800w, https:\/\/modilita.lt\/wp-content\/uploads\/2024\/08\/Individualus-sprendimai_2-1-768x513.jpg 768w, https:\/\/modilita.lt\/wp-content\/uploads\/2024\/08\/Individualus-sprendimai_2-1.jpg 1518w\" sizes=\"auto, (max-width: 1024px) 100vw, 1024px\" \/><\/figure>\n\n\n\n<figure class=\"wp-block-image size-large\"><img loading=\"lazy\" decoding=\"async\" width=\"1024\" height=\"684\" src=\"https:\/\/modilita.lt\/wp-content\/uploads\/2024\/08\/Individualus-sprendimai_3-1-1024x684.jpg\" alt=\"\" class=\"wp-image-336\" srcset=\"https:\/\/modilita.lt\/wp-content\/uploads\/2024\/08\/Individualus-sprendimai_3-1-1024x684.jpg 1024w, https:\/\/modilita.lt\/wp-content\/uploads\/2024\/08\/Individualus-sprendimai_3-1-800x534.jpg 800w, https:\/\/modilita.lt\/wp-content\/uploads\/2024\/08\/Individualus-sprendimai_3-1-768x513.jpg 768w, https:\/\/modilita.lt\/wp-content\/uploads\/2024\/08\/Individualus-sprendimai_3-1.jpg 1518w\" sizes=\"auto, (max-width: 1024px) 100vw, 1024px\" \/><\/figure>\n\n\n\n<figure class=\"wp-block-image size-large\"><img loading=\"lazy\" decoding=\"async\" width=\"1024\" height=\"684\" src=\"https:\/\/modilita.lt\/wp-content\/uploads\/2024\/08\/Individualus-sprendimai_4-1024x684.jpg\" alt=\"\" class=\"wp-image-371\" srcset=\"https:\/\/modilita.lt\/wp-content\/uploads\/2024\/08\/Individualus-sprendimai_4-1024x684.jpg 1024w, https:\/\/modilita.lt\/wp-content\/uploads\/2024\/08\/Individualus-sprendimai_4-800x534.jpg 800w, https:\/\/modilita.lt\/wp-content\/uploads\/2024\/08\/Individualus-sprendimai_4-768x513.jpg 768w, https:\/\/modilita.lt\/wp-content\/uploads\/2024\/08\/Individualus-sprendimai_4.jpg 1518w\" sizes=\"auto, (max-width: 1024px) 100vw, 1024px\" \/><\/figure>\n<\/div>\n<\/div>\n\n\n\n<div class=\"wp-block-column is-vertically-aligned-center animated-block is-layout-flow wp-block-column-is-layout-flow\" style=\"padding-right:var(--wp--preset--spacing--side-spacing);padding-left:var(--wp--preset--spacing--side-spacing);flex-basis:44%\">\n<div class=\"wp-block-group is-vertical is-layout-flex wp-container-core-group-is-layout-8cf370e7 wp-block-group-is-layout-flex\">\n<h2 class=\"wp-block-heading mobile-pt-4\">Eine von vielen m\u00f6glichen Optionen<\/h2>\n\n\n\n<p style=\"margin-top:var(--wp--preset--spacing--mid-spacing)\">Preis des in den Visualisierungen dargestellten Hauses (62,8 m\u00b2 + ~125 m\u00b2 Terrasse) mit teilweise Innenausbau \u2013 ab 143.500 \u20ac zzgl. MwSt<\/p>\n<\/div>\n<\/div>\n<\/div>\n<\/div>\n\n<div class=\"wp-block-group alignfull -z-1 is-layout-constrained wp-block-group-is-layout-constrained\" style=\"padding-top:var(--wp--preset--spacing--small-section-spacer);padding-bottom:var(--wp--preset--spacing--small-section-spacer)\">\n<div class=\"wp-block-group animated-block is-content-justification-space-between is-layout-flex wp-container-core-group-is-layout-d7fb8128 wp-block-group-is-layout-flex\">\n<h4 class=\"wp-block-heading\" style=\"margin-bottom:var(--wp--preset--spacing--mid-spacing)\">Prozessablauf<\/h4>\n\n\n\n<p class=\"wp-container-content-ea63e887\">Da es sich um individuelle L\u00f6sungen handelt, werden Sie an den Autor dieser Objekte verwiesen, um die Erwartungen zu kl\u00e4ren, die architektonischen und technischen L\u00f6sungen zu pr\u00e4zisieren und zu vereinbaren, bevor der Preis und die Konditionen festgelegt werden. Sobald diese Phase abgeschlossen ist, werden Preis und Zeitrahmen entsprechend den vereinbarten L\u00f6sungen festgelegt. Gemeinsam k\u00f6nnen wir Ihren Traum wahr werden lassen.<\/p>\n<\/div>\n<\/div>\n\n<p><\/p>\n","protected":false},"excerpt":{"rendered":"<p>Beschreibung Durch die Kombination mehrerer Modulh\u00e4user und unter Ber\u00fccksichtigung der konkreten Bed\u00fcrfnisse sowie des Standorts k\u00f6nnen wir ein individuelles Objekt schaffen, das alle erfreuen wird. F\u00fcr den Zusammenbau eignen sich Medi, Maxi oder sogar der f\u00fcr Sauna-Genu\u00df vorgesehene Modul. Eine von vielen m\u00f6glichen Optionen Preis des in den Visualisierungen dargestellten Hauses (62,8 m\u00b2 + ~125 [&hellip;]<\/p>\n","protected":false},"author":1,"featured_media":0,"parent":0,"menu_order":0,"comment_status":"closed","ping_status":"closed","template":"","meta":{"_acf_changed":false,"inline_featured_image":false,"footnotes":""},"class_list":["post-575","page","type-page","status-publish","hentry"],"acf":[],"yoast_head":"<!-- This site is optimized with the Yoast SEO plugin v25.3 - https:\/\/yoast.com\/wordpress\/plugins\/seo\/ -->\n<title>Individuelle L\u00f6sungen - Modilita<\/title>\n<meta name=\"robots\" content=\"index, follow, max-snippet:-1, max-image-preview:large, max-video-preview:-1\" \/>\n<link rel=\"canonical\" href=\"https:\/\/modilita.lt\/de\/massgeschneiderte-loesungen\/\" \/>\n<meta property=\"og:locale\" content=\"de_DE\" \/>\n<meta property=\"og:type\" content=\"article\" \/>\n<meta property=\"og:title\" content=\"Individuelle L\u00f6sungen - Modilita\" \/>\n<meta property=\"og:description\" content=\"Beschreibung Durch die Kombination mehrerer Modulh\u00e4user und unter Ber\u00fccksichtigung der konkreten Bed\u00fcrfnisse sowie des Standorts k\u00f6nnen wir ein individuelles Objekt schaffen, das alle erfreuen wird. F\u00fcr den Zusammenbau eignen sich Medi, Maxi oder sogar der f\u00fcr Sauna-Genu\u00df vorgesehene Modul. Eine von vielen m\u00f6glichen Optionen Preis des in den Visualisierungen dargestellten Hauses (62,8 m\u00b2 + ~125 [&hellip;]\" \/>\n<meta property=\"og:url\" content=\"https:\/\/modilita.lt\/de\/massgeschneiderte-loesungen\/\" \/>\n<meta property=\"og:site_name\" content=\"Modilita\" \/>\n<meta property=\"article:publisher\" content=\"https:\/\/www.facebook.com\/profile.php?id=61565590027081\" \/>\n<meta property=\"article:modified_time\" content=\"2025-07-17T08:41:06+00:00\" \/>\n<meta property=\"og:image\" content=\"https:\/\/modilita.lt\/wp-content\/uploads\/2024\/08\/Rectangle-21-1024x394.png\" \/>\n\t<meta property=\"og:image:width\" content=\"1024\" \/>\n\t<meta property=\"og:image:height\" content=\"394\" \/>\n\t<meta property=\"og:image:type\" content=\"image\/png\" \/>\n<meta name=\"twitter:card\" content=\"summary_large_image\" \/>\n<meta name=\"twitter:label1\" content=\"Gesch\u00e4tzte Lesezeit\" \/>\n\t<meta name=\"twitter:data1\" content=\"1\u00a0Minute\" \/>\n<script type=\"application\/ld+json\" class=\"yoast-schema-graph\">{\"@context\":\"https:\/\/schema.org\",\"@graph\":[{\"@type\":\"WebPage\",\"@id\":\"https:\/\/modilita.lt\/de\/massgeschneiderte-loesungen\/\",\"url\":\"https:\/\/modilita.lt\/de\/massgeschneiderte-loesungen\/\",\"name\":\"Individuelle L\u00f6sungen - Modilita\",\"isPartOf\":{\"@id\":\"https:\/\/modilita.lt\/#website\"},\"primaryImageOfPage\":{\"@id\":\"https:\/\/modilita.lt\/de\/massgeschneiderte-loesungen\/#primaryimage\"},\"image\":{\"@id\":\"https:\/\/modilita.lt\/de\/massgeschneiderte-loesungen\/#primaryimage\"},\"thumbnailUrl\":\"https:\/\/modilita.lt\/wp-content\/uploads\/2024\/08\/Rectangle-21.png\",\"datePublished\":\"2024-08-15T09:57:54+00:00\",\"dateModified\":\"2025-07-17T08:41:06+00:00\",\"breadcrumb\":{\"@id\":\"https:\/\/modilita.lt\/de\/massgeschneiderte-loesungen\/#breadcrumb\"},\"inLanguage\":\"de\",\"potentialAction\":[{\"@type\":\"ReadAction\",\"target\":[\"https:\/\/modilita.lt\/de\/massgeschneiderte-loesungen\/\"]}]},{\"@type\":\"ImageObject\",\"inLanguage\":\"de\",\"@id\":\"https:\/\/modilita.lt\/de\/massgeschneiderte-loesungen\/#primaryimage\",\"url\":\"https:\/\/modilita.lt\/wp-content\/uploads\/2024\/08\/Rectangle-21.png\",\"contentUrl\":\"https:\/\/modilita.lt\/wp-content\/uploads\/2024\/08\/Rectangle-21.png\"},{\"@type\":\"BreadcrumbList\",\"@id\":\"https:\/\/modilita.lt\/de\/massgeschneiderte-loesungen\/#breadcrumb\",\"itemListElement\":[{\"@type\":\"ListItem\",\"position\":1,\"name\":\"Home\",\"item\":\"https:\/\/modilita.lt\/de\/\"},{\"@type\":\"ListItem\",\"position\":2,\"name\":\"Individuelle L\u00f6sungen\"}]},{\"@type\":\"WebSite\",\"@id\":\"https:\/\/modilita.lt\/#website\",\"url\":\"https:\/\/modilita.lt\/\",\"name\":\"Modilita\",\"description\":\"\",\"publisher\":{\"@id\":\"https:\/\/modilita.lt\/#organization\"},\"potentialAction\":[{\"@type\":\"SearchAction\",\"target\":{\"@type\":\"EntryPoint\",\"urlTemplate\":\"https:\/\/modilita.lt\/?s={search_term_string}\"},\"query-input\":{\"@type\":\"PropertyValueSpecification\",\"valueRequired\":true,\"valueName\":\"search_term_string\"}}],\"inLanguage\":\"de\"},{\"@type\":\"Organization\",\"@id\":\"https:\/\/modilita.lt\/#organization\",\"name\":\"Modilita\",\"url\":\"https:\/\/modilita.lt\/\",\"logo\":{\"@type\":\"ImageObject\",\"inLanguage\":\"de\",\"@id\":\"https:\/\/modilita.lt\/#\/schema\/logo\/image\/\",\"url\":\"https:\/\/modilita.lt\/wp-content\/uploads\/2024\/08\/Modilita-logo.svg\",\"contentUrl\":\"https:\/\/modilita.lt\/wp-content\/uploads\/2024\/08\/Modilita-logo.svg\",\"width\":204,\"height\":28,\"caption\":\"Modilita\"},\"image\":{\"@id\":\"https:\/\/modilita.lt\/#\/schema\/logo\/image\/\"},\"sameAs\":[\"https:\/\/www.facebook.com\/profile.php?id=61565590027081\",\"https:\/\/www.instagram.com\/modilita.lt\/\"]}]}<\/script>\n<!-- \/ Yoast SEO plugin. -->","yoast_head_json":{"title":"Individuelle L\u00f6sungen - Modilita","robots":{"index":"index","follow":"follow","max-snippet":"max-snippet:-1","max-image-preview":"max-image-preview:large","max-video-preview":"max-video-preview:-1"},"canonical":"https:\/\/modilita.lt\/de\/massgeschneiderte-loesungen\/","og_locale":"de_DE","og_type":"article","og_title":"Individuelle L\u00f6sungen - Modilita","og_description":"Beschreibung Durch die Kombination mehrerer Modulh\u00e4user und unter Ber\u00fccksichtigung der konkreten Bed\u00fcrfnisse sowie des Standorts k\u00f6nnen wir ein individuelles Objekt schaffen, das alle erfreuen wird. F\u00fcr den Zusammenbau eignen sich Medi, Maxi oder sogar der f\u00fcr Sauna-Genu\u00df vorgesehene Modul. Eine von vielen m\u00f6glichen Optionen Preis des in den Visualisierungen dargestellten Hauses (62,8 m\u00b2 + ~125 [&hellip;]","og_url":"https:\/\/modilita.lt\/de\/massgeschneiderte-loesungen\/","og_site_name":"Modilita","article_publisher":"https:\/\/www.facebook.com\/profile.php?id=61565590027081","article_modified_time":"2025-07-17T08:41:06+00:00","og_image":[{"width":1024,"height":394,"url":"https:\/\/modilita.lt\/wp-content\/uploads\/2024\/08\/Rectangle-21-1024x394.png","type":"image\/png"}],"twitter_card":"summary_large_image","twitter_misc":{"Gesch\u00e4tzte Lesezeit":"1\u00a0Minute"},"schema":{"@context":"https:\/\/schema.org","@graph":[{"@type":"WebPage","@id":"https:\/\/modilita.lt\/de\/massgeschneiderte-loesungen\/","url":"https:\/\/modilita.lt\/de\/massgeschneiderte-loesungen\/","name":"Individuelle L\u00f6sungen - Modilita","isPartOf":{"@id":"https:\/\/modilita.lt\/#website"},"primaryImageOfPage":{"@id":"https:\/\/modilita.lt\/de\/massgeschneiderte-loesungen\/#primaryimage"},"image":{"@id":"https:\/\/modilita.lt\/de\/massgeschneiderte-loesungen\/#primaryimage"},"thumbnailUrl":"https:\/\/modilita.lt\/wp-content\/uploads\/2024\/08\/Rectangle-21.png","datePublished":"2024-08-15T09:57:54+00:00","dateModified":"2025-07-17T08:41:06+00:00","breadcrumb":{"@id":"https:\/\/modilita.lt\/de\/massgeschneiderte-loesungen\/#breadcrumb"},"inLanguage":"de","potentialAction":[{"@type":"ReadAction","target":["https:\/\/modilita.lt\/de\/massgeschneiderte-loesungen\/"]}]},{"@type":"ImageObject","inLanguage":"de","@id":"https:\/\/modilita.lt\/de\/massgeschneiderte-loesungen\/#primaryimage","url":"https:\/\/modilita.lt\/wp-content\/uploads\/2024\/08\/Rectangle-21.png","contentUrl":"https:\/\/modilita.lt\/wp-content\/uploads\/2024\/08\/Rectangle-21.png"},{"@type":"BreadcrumbList","@id":"https:\/\/modilita.lt\/de\/massgeschneiderte-loesungen\/#breadcrumb","itemListElement":[{"@type":"ListItem","position":1,"name":"Home","item":"https:\/\/modilita.lt\/de\/"},{"@type":"ListItem","position":2,"name":"Individuelle L\u00f6sungen"}]},{"@type":"WebSite","@id":"https:\/\/modilita.lt\/#website","url":"https:\/\/modilita.lt\/","name":"Modilita","description":"","publisher":{"@id":"https:\/\/modilita.lt\/#organization"},"potentialAction":[{"@type":"SearchAction","target":{"@type":"EntryPoint","urlTemplate":"https:\/\/modilita.lt\/?s={search_term_string}"},"query-input":{"@type":"PropertyValueSpecification","valueRequired":true,"valueName":"search_term_string"}}],"inLanguage":"de"},{"@type":"Organization","@id":"https:\/\/modilita.lt\/#organization","name":"Modilita","url":"https:\/\/modilita.lt\/","logo":{"@type":"ImageObject","inLanguage":"de","@id":"https:\/\/modilita.lt\/#\/schema\/logo\/image\/","url":"https:\/\/modilita.lt\/wp-content\/uploads\/2024\/08\/Modilita-logo.svg","contentUrl":"https:\/\/modilita.lt\/wp-content\/uploads\/2024\/08\/Modilita-logo.svg","width":204,"height":28,"caption":"Modilita"},"image":{"@id":"https:\/\/modilita.lt\/#\/schema\/logo\/image\/"},"sameAs":["https:\/\/www.facebook.com\/profile.php?id=61565590027081","https:\/\/www.instagram.com\/modilita.lt\/"]}]}},"_links":{"self":[{"href":"https:\/\/modilita.lt\/de\/wp-json\/wp\/v2\/pages\/575","targetHints":{"allow":["GET"]}}],"collection":[{"href":"https:\/\/modilita.lt\/de\/wp-json\/wp\/v2\/pages"}],"about":[{"href":"https:\/\/modilita.lt\/de\/wp-json\/wp\/v2\/types\/page"}],"author":[{"embeddable":true,"href":"https:\/\/modilita.lt\/de\/wp-json\/wp\/v2\/users\/1"}],"replies":[{"embeddable":true,"href":"https:\/\/modilita.lt\/de\/wp-json\/wp\/v2\/comments?post=575"}],"version-history":[{"count":17,"href":"https:\/\/modilita.lt\/de\/wp-json\/wp\/v2\/pages\/575\/revisions"}],"predecessor-version":[{"id":1939,"href":"https:\/\/modilita.lt\/de\/wp-json\/wp\/v2\/pages\/575\/revisions\/1939"}],"wp:attachment":[{"href":"https:\/\/modilita.lt\/de\/wp-json\/wp\/v2\/media?parent=575"}],"curies":[{"name":"wp","href":"https:\/\/api.w.org\/{rel}","templated":true}]}}