{"id":573,"date":"2024-08-05T18:01:59","date_gmt":"2024-08-05T18:01:59","guid":{"rendered":"https:\/\/modilita.lt\/datenschutzrichtlinie\/"},"modified":"2024-09-24T13:16:11","modified_gmt":"2024-09-24T13:16:11","slug":"datenschutzrichtlinie","status":"publish","type":"page","link":"https:\/\/modilita.lt\/de\/datenschutzrichtlinie\/","title":{"rendered":"Datenschutzerkl\u00e4rung"},"content":{"rendered":"\n<h2 class=\"wp-block-heading\">Datenschutzerkl\u00e4rung<\/h2>\n\n<p><strong>1. Einf\u00fchrung<\/strong><\/p>\n\n<p>Modilita UAB (im Folgenden &#8222;wir&#8220;, &#8222;uns&#8220; genannt) respektiert Ihre Privatsph\u00e4re und verpflichtet sich zum Schutz Ihrer personenbezogenen Daten. Diese Datenschutzerkl\u00e4rung erl\u00e4utert, wie wir Ihre personenbezogenen Daten erfassen, verwenden, sch\u00fctzen und weitergeben, wenn Sie unsere Website www.modilita.lt (die &#8222;Website&#8220;) nutzen.  <\/p>\n\n<p><strong>2. Welche Daten erfassen wir?<\/strong><\/p>\n\n<p>Wir k\u00f6nnen folgende Informationen erfassen:<\/p>\n\n<ul class=\"wp-block-list\">\n<li><strong>Kontaktinformationen<\/strong> Name, E-Mail-Adresse, Telefonnummer <\/li>\n\n\n\n<li><strong>Technical information: the<\/strong> IP address of your computer or mobile device, browser type, operating system and other technical identifiers.<\/li>\n\n\n\n<li><strong>Calculator data: the<\/strong> information you provide when using our house price calculator.<\/li>\n<\/ul>\n\n<p><strong>3. Wie verwenden wir Ihre Daten?<\/strong><\/p>\n\n<p>Wir verwenden Ihre Daten:<\/p>\n\n<ul class=\"wp-block-list\">\n<li><strong>Respond to your enquiries:<\/strong> to contact you about your enquiries, make suggestions and answer your questions.<\/li>\n\n\n\n<li><strong>To provide services:<\/strong> to ensure the smooth operation of the Website and to provide the services you request.<\/li>\n\n\n\n<li><strong>Improve the Website:<\/strong> To analyse how you use the Website so that we can improve it.<\/li>\n\n\n\n<li><strong>Marketing:<\/strong> to send you newsletters and other marketing information about our products and services with your consent.<\/li>\n<\/ul>\n\n<p><strong>4. Rechtsgrundlage f\u00fcr die Verarbeitung<\/strong><\/p>\n\n<p>Wir verarbeiten Ihre personenbezogenen Daten auf der folgenden Rechtsgrundlage:<\/p>\n\n<ul class=\"wp-block-list\">\n<li><strong>Vertragserf\u00fcllung:<\/strong> Wenn Sie mit uns Kontakt aufnehmen, verarbeiten wir Ihre Daten zur Durchf\u00fchrung eines Vertrages oder k\u00fcnftigen Vertrags mit Ihnen.<\/li>\n\n\n\n<li><strong>Ernsthaftes Interesse:<\/strong> Wir verarbeiten Ihre Daten f\u00fcr Direktmarketingzwecke und zur Verfolgung unserer berechtigten Interessen, wie z. B. der Verbesserung der Website.<\/li>\n\n\n\n<li><strong>Ihre Einwilligung:<\/strong> Einige Daten werden nur mit Ihrer vorherigen Einwilligung verarbeitet.<\/li>\n<\/ul>\n\n<p><strong>5. Datensicherheit<\/strong><\/p>\n\n<p>Wir setzen geeignete technische und organisatorische Ma\u00dfnahmen ein, um Ihre personenbezogenen Daten vor unbefugter Verarbeitung, versehentlichem Verlust, Zerst\u00f6rung oder Besch\u00e4digung zu sch\u00fctzen.<\/p>\n\n<p><strong>6. \u00dcbertragung von Daten an Dritte<\/strong><\/p>\n\n<p>Wir \u00fcbermitteln Ihre personenbezogenen Daten nicht an Dritte, es sei denn, dies ist zur Erbringung von Dienstleistungen erforderlich oder gesetzlich vorgeschrieben.<\/p>\n\n<p><strong>7. Ihre Rechte<\/strong><\/p>\n\n<p>Sie haben das Recht auf:<\/p>\n\n<ul class=\"wp-block-list\">\n<li><strong>Zugriff auf Ihre Daten: um<\/strong> Auskunft dar\u00fcber zu erhalten, welche personenbezogenen Daten wir \u00fcber Sie verarbeiten.<\/li>\n\n\n\n<li><strong>Daten berichtigen<\/strong>: Fordern Sie die Berichtigung unrichtiger personenbezogener Daten an.<\/li>\n\n\n\n<li><strong>Daten l\u00f6schen:<\/strong> L\u00f6schung Ihrer personenbezogenen Daten anfordern.<\/li>\n\n\n\n<li><strong>Verarbeitung einschr\u00e4nken:<\/strong> Antrag auf Einschr\u00e4nkung der Verarbeitung Ihrer personenbezogenen Daten.<\/li>\n\n\n\n<li><strong>Widerspruch gegen die Verarbeitung: In<\/strong> bestimmten F\u00e4llen k\u00f6nnen Sie der Verarbeitung Ihrer personenbezogenen Daten widersprechen.<\/li>\n\n\n\n<li><strong>Daten \u00fcbermitteln: um<\/strong> Ihre personenbezogenen Daten in einem strukturierten, g\u00e4ngigen und computerlesbaren Format zu erhalten und an einen anderen Verantwortlichen zu \u00fcbermitteln.<\/li>\n<\/ul>\n\n<p><strong>8. Verwendung von Cookies<\/strong><\/p>\n\n<p>Unsere Website verwendet Cookies, um Ihr Surferlebnis zu verbessern. Weitere Informationen zu Cookies finden Sie in unserer Cookie-Richtlinie.  <\/p>\n\n<p><strong>9. Kontakt<\/strong><\/p>\n\n<p>Wenn Sie Fragen zu dieser Datenschutzerkl\u00e4rung haben oder Ihre Rechte aus\u00fcben m\u00f6chten, kontaktieren Sie uns bitte unter:<\/p>\n\n<ul class=\"wp-block-list\">\n<li><strong>El. Email:  <\/strong> info@modilita.lt<\/li>\n\n\n\n<li><strong>Telefon:<\/strong> +370 616 90617<\/li>\n<\/ul>\n\n<p><strong>10. Aktualisierung der Datenschutzrichtlinie<\/strong><\/p>\n\n<p>Wir haben das Recht, diese Datenschutzerkl\u00e4rung jederzeit zu aktualisieren. \u00dcber etwaige \u00c4nderungen werden wir Sie in geeigneter Weise informieren.  <\/p>\n","protected":false},"excerpt":{"rendered":"<p>Datenschutzerkl\u00e4rung 1. Einf\u00fchrung Modilita UAB (im Folgenden &#8222;wir&#8220;, &#8222;uns&#8220; genannt) respektiert Ihre Privatsph\u00e4re und verpflichtet sich zum Schutz Ihrer personenbezogenen Daten. Diese Datenschutzerkl\u00e4rung erl\u00e4utert, wie wir Ihre personenbezogenen Daten erfassen, verwenden, sch\u00fctzen und weitergeben, wenn Sie unsere Website www.modilita.lt (die &#8222;Website&#8220;) nutzen. 2. Welche Daten erfassen wir? Wir k\u00f6nnen folgende Informationen erfassen: 3. Wie verwenden [&hellip;]<\/p>\n","protected":false},"author":1,"featured_media":0,"parent":0,"menu_order":0,"comment_status":"closed","ping_status":"closed","template":"","meta":{"_acf_changed":false,"inline_featured_image":false,"footnotes":""},"class_list":["post-573","page","type-page","status-publish","hentry"],"acf":[],"yoast_head":"<!-- This site is optimized with the Yoast SEO plugin v25.3 - https:\/\/yoast.com\/wordpress\/plugins\/seo\/ -->\n<title>Datenschutzerkl\u00e4rung - Modilita<\/title>\n<meta name=\"robots\" content=\"index, follow, max-snippet:-1, max-image-preview:large, max-video-preview:-1\" \/>\n<link rel=\"canonical\" href=\"https:\/\/modilita.lt\/de\/datenschutzrichtlinie\/\" \/>\n<meta property=\"og:locale\" content=\"de_DE\" \/>\n<meta property=\"og:type\" content=\"article\" \/>\n<meta property=\"og:title\" content=\"Datenschutzerkl\u00e4rung - Modilita\" \/>\n<meta property=\"og:description\" content=\"Datenschutzerkl\u00e4rung 1. Einf\u00fchrung Modilita UAB (im Folgenden &#8222;wir&#8220;, &#8222;uns&#8220; genannt) respektiert Ihre Privatsph\u00e4re und verpflichtet sich zum Schutz Ihrer personenbezogenen Daten. Diese Datenschutzerkl\u00e4rung erl\u00e4utert, wie wir Ihre personenbezogenen Daten erfassen, verwenden, sch\u00fctzen und weitergeben, wenn Sie unsere Website www.modilita.lt (die &#8222;Website&#8220;) nutzen. 2. Welche Daten erfassen wir? Wir k\u00f6nnen folgende Informationen erfassen: 3. Wie verwenden [&hellip;]\" \/>\n<meta property=\"og:url\" content=\"https:\/\/modilita.lt\/de\/datenschutzrichtlinie\/\" \/>\n<meta property=\"og:site_name\" content=\"Modilita\" \/>\n<meta property=\"article:publisher\" content=\"https:\/\/www.facebook.com\/profile.php?id=61565590027081\" \/>\n<meta property=\"article:modified_time\" content=\"2024-09-24T13:16:11+00:00\" \/>\n<meta name=\"twitter:card\" content=\"summary_large_image\" \/>\n<meta name=\"twitter:label1\" content=\"Gesch\u00e4tzte Lesezeit\" \/>\n\t<meta name=\"twitter:data1\" content=\"2\u00a0Minuten\" \/>\n<script type=\"application\/ld+json\" class=\"yoast-schema-graph\">{\"@context\":\"https:\/\/schema.org\",\"@graph\":[{\"@type\":\"WebPage\",\"@id\":\"https:\/\/modilita.lt\/de\/datenschutzrichtlinie\/\",\"url\":\"https:\/\/modilita.lt\/de\/datenschutzrichtlinie\/\",\"name\":\"Datenschutzerkl\u00e4rung - Modilita\",\"isPartOf\":{\"@id\":\"https:\/\/modilita.lt\/#website\"},\"datePublished\":\"2024-08-05T18:01:59+00:00\",\"dateModified\":\"2024-09-24T13:16:11+00:00\",\"breadcrumb\":{\"@id\":\"https:\/\/modilita.lt\/de\/datenschutzrichtlinie\/#breadcrumb\"},\"inLanguage\":\"de\",\"potentialAction\":[{\"@type\":\"ReadAction\",\"target\":[\"https:\/\/modilita.lt\/de\/datenschutzrichtlinie\/\"]}]},{\"@type\":\"BreadcrumbList\",\"@id\":\"https:\/\/modilita.lt\/de\/datenschutzrichtlinie\/#breadcrumb\",\"itemListElement\":[{\"@type\":\"ListItem\",\"position\":1,\"name\":\"Home\",\"item\":\"https:\/\/modilita.lt\/de\/\"},{\"@type\":\"ListItem\",\"position\":2,\"name\":\"Datenschutzerkl\u00e4rung\"}]},{\"@type\":\"WebSite\",\"@id\":\"https:\/\/modilita.lt\/#website\",\"url\":\"https:\/\/modilita.lt\/\",\"name\":\"Modilita\",\"description\":\"\",\"publisher\":{\"@id\":\"https:\/\/modilita.lt\/#organization\"},\"potentialAction\":[{\"@type\":\"SearchAction\",\"target\":{\"@type\":\"EntryPoint\",\"urlTemplate\":\"https:\/\/modilita.lt\/?s={search_term_string}\"},\"query-input\":{\"@type\":\"PropertyValueSpecification\",\"valueRequired\":true,\"valueName\":\"search_term_string\"}}],\"inLanguage\":\"de\"},{\"@type\":\"Organization\",\"@id\":\"https:\/\/modilita.lt\/#organization\",\"name\":\"Modilita\",\"url\":\"https:\/\/modilita.lt\/\",\"logo\":{\"@type\":\"ImageObject\",\"inLanguage\":\"de\",\"@id\":\"https:\/\/modilita.lt\/#\/schema\/logo\/image\/\",\"url\":\"https:\/\/modilita.lt\/wp-content\/uploads\/2024\/08\/Modilita-logo.svg\",\"contentUrl\":\"https:\/\/modilita.lt\/wp-content\/uploads\/2024\/08\/Modilita-logo.svg\",\"width\":204,\"height\":28,\"caption\":\"Modilita\"},\"image\":{\"@id\":\"https:\/\/modilita.lt\/#\/schema\/logo\/image\/\"},\"sameAs\":[\"https:\/\/www.facebook.com\/profile.php?id=61565590027081\",\"https:\/\/www.instagram.com\/modilita.lt\/\"]}]}<\/script>\n<!-- \/ Yoast SEO plugin. -->","yoast_head_json":{"title":"Datenschutzerkl\u00e4rung - Modilita","robots":{"index":"index","follow":"follow","max-snippet":"max-snippet:-1","max-image-preview":"max-image-preview:large","max-video-preview":"max-video-preview:-1"},"canonical":"https:\/\/modilita.lt\/de\/datenschutzrichtlinie\/","og_locale":"de_DE","og_type":"article","og_title":"Datenschutzerkl\u00e4rung - Modilita","og_description":"Datenschutzerkl\u00e4rung 1. Einf\u00fchrung Modilita UAB (im Folgenden &#8222;wir&#8220;, &#8222;uns&#8220; genannt) respektiert Ihre Privatsph\u00e4re und verpflichtet sich zum Schutz Ihrer personenbezogenen Daten. Diese Datenschutzerkl\u00e4rung erl\u00e4utert, wie wir Ihre personenbezogenen Daten erfassen, verwenden, sch\u00fctzen und weitergeben, wenn Sie unsere Website www.modilita.lt (die &#8222;Website&#8220;) nutzen. 2. Welche Daten erfassen wir? Wir k\u00f6nnen folgende Informationen erfassen: 3. Wie verwenden [&hellip;]","og_url":"https:\/\/modilita.lt\/de\/datenschutzrichtlinie\/","og_site_name":"Modilita","article_publisher":"https:\/\/www.facebook.com\/profile.php?id=61565590027081","article_modified_time":"2024-09-24T13:16:11+00:00","twitter_card":"summary_large_image","twitter_misc":{"Gesch\u00e4tzte Lesezeit":"2\u00a0Minuten"},"schema":{"@context":"https:\/\/schema.org","@graph":[{"@type":"WebPage","@id":"https:\/\/modilita.lt\/de\/datenschutzrichtlinie\/","url":"https:\/\/modilita.lt\/de\/datenschutzrichtlinie\/","name":"Datenschutzerkl\u00e4rung - Modilita","isPartOf":{"@id":"https:\/\/modilita.lt\/#website"},"datePublished":"2024-08-05T18:01:59+00:00","dateModified":"2024-09-24T13:16:11+00:00","breadcrumb":{"@id":"https:\/\/modilita.lt\/de\/datenschutzrichtlinie\/#breadcrumb"},"inLanguage":"de","potentialAction":[{"@type":"ReadAction","target":["https:\/\/modilita.lt\/de\/datenschutzrichtlinie\/"]}]},{"@type":"BreadcrumbList","@id":"https:\/\/modilita.lt\/de\/datenschutzrichtlinie\/#breadcrumb","itemListElement":[{"@type":"ListItem","position":1,"name":"Home","item":"https:\/\/modilita.lt\/de\/"},{"@type":"ListItem","position":2,"name":"Datenschutzerkl\u00e4rung"}]},{"@type":"WebSite","@id":"https:\/\/modilita.lt\/#website","url":"https:\/\/modilita.lt\/","name":"Modilita","description":"","publisher":{"@id":"https:\/\/modilita.lt\/#organization"},"potentialAction":[{"@type":"SearchAction","target":{"@type":"EntryPoint","urlTemplate":"https:\/\/modilita.lt\/?s={search_term_string}"},"query-input":{"@type":"PropertyValueSpecification","valueRequired":true,"valueName":"search_term_string"}}],"inLanguage":"de"},{"@type":"Organization","@id":"https:\/\/modilita.lt\/#organization","name":"Modilita","url":"https:\/\/modilita.lt\/","logo":{"@type":"ImageObject","inLanguage":"de","@id":"https:\/\/modilita.lt\/#\/schema\/logo\/image\/","url":"https:\/\/modilita.lt\/wp-content\/uploads\/2024\/08\/Modilita-logo.svg","contentUrl":"https:\/\/modilita.lt\/wp-content\/uploads\/2024\/08\/Modilita-logo.svg","width":204,"height":28,"caption":"Modilita"},"image":{"@id":"https:\/\/modilita.lt\/#\/schema\/logo\/image\/"},"sameAs":["https:\/\/www.facebook.com\/profile.php?id=61565590027081","https:\/\/www.instagram.com\/modilita.lt\/"]}]}},"_links":{"self":[{"href":"https:\/\/modilita.lt\/de\/wp-json\/wp\/v2\/pages\/573","targetHints":{"allow":["GET"]}}],"collection":[{"href":"https:\/\/modilita.lt\/de\/wp-json\/wp\/v2\/pages"}],"about":[{"href":"https:\/\/modilita.lt\/de\/wp-json\/wp\/v2\/types\/page"}],"author":[{"embeddable":true,"href":"https:\/\/modilita.lt\/de\/wp-json\/wp\/v2\/users\/1"}],"replies":[{"embeddable":true,"href":"https:\/\/modilita.lt\/de\/wp-json\/wp\/v2\/comments?post=573"}],"version-history":[{"count":5,"href":"https:\/\/modilita.lt\/de\/wp-json\/wp\/v2\/pages\/573\/revisions"}],"predecessor-version":[{"id":1088,"href":"https:\/\/modilita.lt\/de\/wp-json\/wp\/v2\/pages\/573\/revisions\/1088"}],"wp:attachment":[{"href":"https:\/\/modilita.lt\/de\/wp-json\/wp\/v2\/media?parent=573"}],"curies":[{"name":"wp","href":"https:\/\/api.w.org\/{rel}","templated":true}]}}