{"id":2082,"date":"2026-05-12T09:24:31","date_gmt":"2026-05-12T09:24:31","guid":{"rendered":"https:\/\/modilita.lt\/?page_id=2082"},"modified":"2026-05-12T09:37:13","modified_gmt":"2026-05-12T09:37:13","slug":"faq","status":"publish","type":"page","link":"https:\/\/modilita.lt\/de\/faq\/","title":{"rendered":"FAQ"},"content":{"rendered":"\n<div class=\"wp-block-group alignfull has-dark-slate-grey-background-color has-background is-layout-constrained wp-container-core-group-is-layout-3d422796 wp-block-group-is-layout-constrained\" style=\"margin-top:0;margin-bottom:0;padding-top:0;padding-right:0;padding-bottom:0;padding-left:0\">\n<div class=\"wp-block-group is-vertical is-content-justification-stretch is-layout-flex wp-container-core-group-is-layout-deb8be62 wp-block-group-is-layout-flex\" style=\"padding-top:var(--wp--preset--spacing--heading-spacing);padding-bottom:var(--wp--preset--spacing--heading-spacing)\">\n<div class=\"wp-block-group animated-block is-layout-constrained wp-container-core-group-is-layout-f1253992 wp-block-group-is-layout-constrained\" style=\"margin-top:0;margin-bottom:0;padding-top:0;padding-right:0;padding-bottom:0;padding-left:0\">\n<h1 class=\"wp-block-heading has-text-align-center has-extra-large-font-size\" id=\"duk\" style=\"margin-top:0;margin-bottom:var(--wp--preset--spacing--heading-spacing)\">FAQ<\/h1>\n<\/div>\n\n\n\n<div class=\"wp-block-group has-black-3-background-color has-background is-layout-constrained wp-container-core-group-is-layout-c6b4b7cd wp-block-group-is-layout-constrained\" style=\"padding-top:0;padding-right:0;padding-bottom:0;padding-left:0\">\n<div class=\"wp-block-adoras-faq-list\">\n<div class=\"wp-block-adoras-faq-item faq-item\"><div class=\"top\">Sind Ihre Produkte f\u00fcr dauerhaftes Wohnen geeignet?<\/div><div class=\"content\"><div class=\"inner\">\n<p>Ja, unsere modularen H\u00e4user sind f\u00fcr dauerhaftes Wohnen geeignet \u2013 sie sind entsprechend ged\u00e4mmt und ihre Dichtheit ist gew\u00e4hrleistet.<\/p>\n<\/div><\/div><\/div>\n\n\n\n<div class=\"wp-block-adoras-faq-item faq-item\"><div class=\"top\"><span>M\u00fcssen f\u00fcr modulare H\u00e4user Fundamente gebaut werden?<\/span><\/div><div class=\"content\"><div class=\"inner\">\n<p>Nein, das ist nicht unbedingt erforderlich. Modulare H\u00e4user werden in der Regel auf Stahl-Schraubpf\u00e4hlen montiert. Nur wenn dies technisch nicht umsetzbar ist, werden alternative L\u00f6sungen gew\u00e4hlt. <\/p>\n<\/div><\/div><\/div>\n\n\n\n<div class=\"wp-block-adoras-faq-item faq-item\"><div class=\"top\"><span>Wie lange betr\u00e4gt die durchschnittliche Bauzeit eines von Ihnen hergestellten modularen Hauses?<\/span><\/div><div class=\"content\"><div class=\"inner\">\n<p>Teilausbau \u2013 ca. 2,5 Monate; Vollausbau \u2013 ca. 3,5 Monate; Vollausbau mit kompletter Einrichtung (eingebaute M\u00f6bel, Ger\u00e4te usw.) \u2013 ca. 4 Monate.<\/p>\n<\/div><\/div><\/div>\n\n\n\n<div class=\"wp-block-adoras-faq-item faq-item\"><div class=\"top\"><span><span>Ist der Transport Ihrer modularen H\u00e4user in andere L\u00e4nder m\u00f6glich?<\/span><\/span><\/div><div class=\"content\"><div class=\"inner\">\n<p><br>Ja, unsere modularen H\u00e4user haben Abmessungen, die einen Transport in andere L\u00e4nder erm\u00f6glichen.<\/p>\n<\/div><\/div><\/div>\n\n\n\n<div class=\"wp-block-adoras-faq-item faq-item\"><div class=\"top\"><span>Sind modulare H\u00e4user langlebig?<\/span><\/div><div class=\"content\"><div class=\"inner\">\n<p>Ja, modulare H\u00e4user sind langlebig. Moderne Technologien und hochwertige Materialien gew\u00e4hrleisten ihre Haltbarkeit. Bei richtiger Pflege k\u00f6nnen modulare H\u00e4user genauso lange halten wie herk\u00f6mmliche Geb\u00e4ude.  <\/p>\n<\/div><\/div><\/div>\n<\/div>\n<\/div>\n<\/div>\n<\/div>\n","protected":false},"excerpt":{"rendered":"<p>FAQ<\/p>\n","protected":false},"author":1,"featured_media":0,"parent":0,"menu_order":0,"comment_status":"closed","ping_status":"closed","template":"","meta":{"_acf_changed":false,"inline_featured_image":false,"footnotes":""},"class_list":["post-2082","page","type-page","status-publish","hentry"],"acf":[],"yoast_head":"<!-- This site is optimized with the Yoast SEO plugin v25.3 - https:\/\/yoast.com\/wordpress\/plugins\/seo\/ -->\n<title>FAQ - Modilita<\/title>\n<meta name=\"robots\" content=\"index, follow, max-snippet:-1, max-image-preview:large, max-video-preview:-1\" \/>\n<link rel=\"canonical\" href=\"https:\/\/modilita.lt\/de\/faq\/\" \/>\n<meta property=\"og:locale\" content=\"de_DE\" \/>\n<meta property=\"og:type\" content=\"article\" \/>\n<meta property=\"og:title\" content=\"FAQ - Modilita\" \/>\n<meta property=\"og:description\" content=\"FAQ\" \/>\n<meta property=\"og:url\" content=\"https:\/\/modilita.lt\/de\/faq\/\" \/>\n<meta property=\"og:site_name\" content=\"Modilita\" \/>\n<meta property=\"article:publisher\" content=\"https:\/\/www.facebook.com\/profile.php?id=61565590027081\" \/>\n<meta property=\"article:modified_time\" content=\"2026-05-12T09:37:13+00:00\" \/>\n<meta name=\"twitter:card\" content=\"summary_large_image\" \/>\n<meta name=\"twitter:label1\" content=\"Gesch\u00e4tzte Lesezeit\" \/>\n\t<meta name=\"twitter:data1\" content=\"4\u00a0Minuten\" \/>\n<script type=\"application\/ld+json\" class=\"yoast-schema-graph\">{\"@context\":\"https:\/\/schema.org\",\"@graph\":[{\"@type\":\"WebPage\",\"@id\":\"https:\/\/modilita.lt\/de\/faq\/\",\"url\":\"https:\/\/modilita.lt\/de\/faq\/\",\"name\":\"FAQ - Modilita\",\"isPartOf\":{\"@id\":\"https:\/\/modilita.lt\/#website\"},\"datePublished\":\"2026-05-12T09:24:31+00:00\",\"dateModified\":\"2026-05-12T09:37:13+00:00\",\"breadcrumb\":{\"@id\":\"https:\/\/modilita.lt\/de\/faq\/#breadcrumb\"},\"inLanguage\":\"de\",\"potentialAction\":[{\"@type\":\"ReadAction\",\"target\":[\"https:\/\/modilita.lt\/de\/faq\/\"]}]},{\"@type\":\"BreadcrumbList\",\"@id\":\"https:\/\/modilita.lt\/de\/faq\/#breadcrumb\",\"itemListElement\":[{\"@type\":\"ListItem\",\"position\":1,\"name\":\"Home\",\"item\":\"https:\/\/modilita.lt\/de\/\"},{\"@type\":\"ListItem\",\"position\":2,\"name\":\"FAQ\"}]},{\"@type\":\"WebSite\",\"@id\":\"https:\/\/modilita.lt\/#website\",\"url\":\"https:\/\/modilita.lt\/\",\"name\":\"Modilita\",\"description\":\"\",\"publisher\":{\"@id\":\"https:\/\/modilita.lt\/#organization\"},\"potentialAction\":[{\"@type\":\"SearchAction\",\"target\":{\"@type\":\"EntryPoint\",\"urlTemplate\":\"https:\/\/modilita.lt\/?s={search_term_string}\"},\"query-input\":{\"@type\":\"PropertyValueSpecification\",\"valueRequired\":true,\"valueName\":\"search_term_string\"}}],\"inLanguage\":\"de\"},{\"@type\":\"Organization\",\"@id\":\"https:\/\/modilita.lt\/#organization\",\"name\":\"Modilita\",\"url\":\"https:\/\/modilita.lt\/\",\"logo\":{\"@type\":\"ImageObject\",\"inLanguage\":\"de\",\"@id\":\"https:\/\/modilita.lt\/#\/schema\/logo\/image\/\",\"url\":\"https:\/\/modilita.lt\/wp-content\/uploads\/2024\/08\/Modilita-logo.svg\",\"contentUrl\":\"https:\/\/modilita.lt\/wp-content\/uploads\/2024\/08\/Modilita-logo.svg\",\"width\":204,\"height\":28,\"caption\":\"Modilita\"},\"image\":{\"@id\":\"https:\/\/modilita.lt\/#\/schema\/logo\/image\/\"},\"sameAs\":[\"https:\/\/www.facebook.com\/profile.php?id=61565590027081\",\"https:\/\/www.instagram.com\/modilita.lt\/\"]}]}<\/script>\n<!-- \/ Yoast SEO plugin. -->","yoast_head_json":{"title":"FAQ - Modilita","robots":{"index":"index","follow":"follow","max-snippet":"max-snippet:-1","max-image-preview":"max-image-preview:large","max-video-preview":"max-video-preview:-1"},"canonical":"https:\/\/modilita.lt\/de\/faq\/","og_locale":"de_DE","og_type":"article","og_title":"FAQ - Modilita","og_description":"FAQ","og_url":"https:\/\/modilita.lt\/de\/faq\/","og_site_name":"Modilita","article_publisher":"https:\/\/www.facebook.com\/profile.php?id=61565590027081","article_modified_time":"2026-05-12T09:37:13+00:00","twitter_card":"summary_large_image","twitter_misc":{"Gesch\u00e4tzte Lesezeit":"4\u00a0Minuten"},"schema":{"@context":"https:\/\/schema.org","@graph":[{"@type":"WebPage","@id":"https:\/\/modilita.lt\/de\/faq\/","url":"https:\/\/modilita.lt\/de\/faq\/","name":"FAQ - Modilita","isPartOf":{"@id":"https:\/\/modilita.lt\/#website"},"datePublished":"2026-05-12T09:24:31+00:00","dateModified":"2026-05-12T09:37:13+00:00","breadcrumb":{"@id":"https:\/\/modilita.lt\/de\/faq\/#breadcrumb"},"inLanguage":"de","potentialAction":[{"@type":"ReadAction","target":["https:\/\/modilita.lt\/de\/faq\/"]}]},{"@type":"BreadcrumbList","@id":"https:\/\/modilita.lt\/de\/faq\/#breadcrumb","itemListElement":[{"@type":"ListItem","position":1,"name":"Home","item":"https:\/\/modilita.lt\/de\/"},{"@type":"ListItem","position":2,"name":"FAQ"}]},{"@type":"WebSite","@id":"https:\/\/modilita.lt\/#website","url":"https:\/\/modilita.lt\/","name":"Modilita","description":"","publisher":{"@id":"https:\/\/modilita.lt\/#organization"},"potentialAction":[{"@type":"SearchAction","target":{"@type":"EntryPoint","urlTemplate":"https:\/\/modilita.lt\/?s={search_term_string}"},"query-input":{"@type":"PropertyValueSpecification","valueRequired":true,"valueName":"search_term_string"}}],"inLanguage":"de"},{"@type":"Organization","@id":"https:\/\/modilita.lt\/#organization","name":"Modilita","url":"https:\/\/modilita.lt\/","logo":{"@type":"ImageObject","inLanguage":"de","@id":"https:\/\/modilita.lt\/#\/schema\/logo\/image\/","url":"https:\/\/modilita.lt\/wp-content\/uploads\/2024\/08\/Modilita-logo.svg","contentUrl":"https:\/\/modilita.lt\/wp-content\/uploads\/2024\/08\/Modilita-logo.svg","width":204,"height":28,"caption":"Modilita"},"image":{"@id":"https:\/\/modilita.lt\/#\/schema\/logo\/image\/"},"sameAs":["https:\/\/www.facebook.com\/profile.php?id=61565590027081","https:\/\/www.instagram.com\/modilita.lt\/"]}]}},"_links":{"self":[{"href":"https:\/\/modilita.lt\/de\/wp-json\/wp\/v2\/pages\/2082","targetHints":{"allow":["GET"]}}],"collection":[{"href":"https:\/\/modilita.lt\/de\/wp-json\/wp\/v2\/pages"}],"about":[{"href":"https:\/\/modilita.lt\/de\/wp-json\/wp\/v2\/types\/page"}],"author":[{"embeddable":true,"href":"https:\/\/modilita.lt\/de\/wp-json\/wp\/v2\/users\/1"}],"replies":[{"embeddable":true,"href":"https:\/\/modilita.lt\/de\/wp-json\/wp\/v2\/comments?post=2082"}],"version-history":[{"count":2,"href":"https:\/\/modilita.lt\/de\/wp-json\/wp\/v2\/pages\/2082\/revisions"}],"predecessor-version":[{"id":2094,"href":"https:\/\/modilita.lt\/de\/wp-json\/wp\/v2\/pages\/2082\/revisions\/2094"}],"wp:attachment":[{"href":"https:\/\/modilita.lt\/de\/wp-json\/wp\/v2\/media?parent=2082"}],"curies":[{"name":"wp","href":"https:\/\/api.w.org\/{rel}","templated":true}]}}