{"id":1682,"date":"2025-03-21T14:18:10","date_gmt":"2025-03-21T14:18:10","guid":{"rendered":"https:\/\/modilita.lt\/ueber-uns\/"},"modified":"2025-06-11T22:50:43","modified_gmt":"2025-06-11T22:50:43","slug":"ueber-uns","status":"publish","type":"page","link":"https:\/\/modilita.lt\/de\/ueber-uns\/","title":{"rendered":"\u00dcber uns"},"content":{"rendered":"\n<div class=\"wp-block-group alignwide animated-block is-layout-constrained wp-block-group-is-layout-constrained\">\n<div class=\"wp-block-columns alignfull desktoponly has-black-4-background-color has-background is-layout-flex wp-container-core-columns-is-layout-a03bfbfa wp-block-columns-is-layout-flex\" style=\"margin-top:0;margin-bottom:0;padding-top:0;padding-right:0;padding-bottom:0;padding-left:0\">\n<div class=\"wp-block-column is-layout-flow wp-block-column-is-layout-flow\" style=\"flex-basis:57%\">\n<div class=\"wp-block-cover alignwide has-custom-content-position is-position-bottom-center desktoponly\" style=\"padding-top:var(--wp--preset--spacing--cover-vertical-2);padding-right:var(--wp--preset--spacing--side-spacing-mid);padding-bottom:var(--wp--preset--spacing--cover-vertical-2);padding-left:var(--wp--preset--spacing--side-spacing-mid);min-height:36vw;aspect-ratio:unset;\"><img loading=\"lazy\" decoding=\"async\" width=\"1554\" height=\"1038\" class=\"wp-block-cover__image-background wp-image-1705\" alt=\"\" src=\"https:\/\/modilita.lt\/wp-content\/uploads\/2025\/03\/Mod.Aboutus.Titul_.foto_.jpg\" data-object-fit=\"cover\" srcset=\"https:\/\/modilita.lt\/wp-content\/uploads\/2025\/03\/Mod.Aboutus.Titul_.foto_.jpg 1554w, https:\/\/modilita.lt\/wp-content\/uploads\/2025\/03\/Mod.Aboutus.Titul_.foto_-800x534.jpg 800w, https:\/\/modilita.lt\/wp-content\/uploads\/2025\/03\/Mod.Aboutus.Titul_.foto_-1024x684.jpg 1024w, https:\/\/modilita.lt\/wp-content\/uploads\/2025\/03\/Mod.Aboutus.Titul_.foto_-768x513.jpg 768w, https:\/\/modilita.lt\/wp-content\/uploads\/2025\/03\/Mod.Aboutus.Titul_.foto_-1536x1026.jpg 1536w\" sizes=\"auto, (max-width: 1554px) 100vw, 1554px\" \/><span aria-hidden=\"true\" class=\"wp-block-cover__background has-background-dim-0 has-background-dim has-background-gradient\" style=\"background:linear-gradient(180deg,rgba(255,255,255,0) 0%,rgb(0,0,0) 100%)\"><\/span><div class=\"wp-block-cover__inner-container is-layout-constrained wp-container-core-cover-is-layout-370d4bc0 wp-block-cover-is-layout-constrained\">\n<div class=\"wp-block-group is-content-justification-space-between is-nowrap is-layout-flex wp-container-core-group-is-layout-0dfbf163 wp-block-group-is-layout-flex\">\n<h1 class=\"wp-block-heading\" style=\"margin-top:0;margin-right:0;margin-bottom:0;margin-left:0\">\u00dcber uns<\/h1>\n<\/div>\n<\/div><\/div>\n<\/div>\n\n\n\n<div class=\"wp-block-column is-vertically-aligned-center is-layout-flow wp-block-column-is-layout-flow\" style=\"flex-basis:43%\">\n<figure class=\"wp-block-image aligncenter size-large\"><img loading=\"lazy\" decoding=\"async\" width=\"287\" height=\"263\" src=\"https:\/\/modilita.lt\/wp-content\/uploads\/2025\/03\/Group14.svg\" alt=\"\" class=\"wp-image-1662\"\/><\/figure>\n<\/div>\n<\/div>\n\n\n\n<div class=\"wp-block-cover alignwide has-custom-content-position is-position-bottom-center mobileonly\" style=\"padding-top:var(--wp--preset--spacing--cover-vertical-2);padding-right:var(--wp--preset--spacing--cover-vertical-2);padding-bottom:var(--wp--preset--spacing--cover-vertical-2);padding-left:var(--wp--preset--spacing--cover-vertical-2);min-height:100vw;aspect-ratio:unset;\"><img loading=\"lazy\" decoding=\"async\" width=\"788\" height=\"858\" class=\"wp-block-cover__image-background wp-image-1712\" alt=\"\" src=\"https:\/\/modilita.lt\/wp-content\/uploads\/2025\/03\/Mod.Aboutus.Titul_.mob_.jpg\" data-object-fit=\"cover\" srcset=\"https:\/\/modilita.lt\/wp-content\/uploads\/2025\/03\/Mod.Aboutus.Titul_.mob_.jpg 788w, https:\/\/modilita.lt\/wp-content\/uploads\/2025\/03\/Mod.Aboutus.Titul_.mob_-735x800.jpg 735w, https:\/\/modilita.lt\/wp-content\/uploads\/2025\/03\/Mod.Aboutus.Titul_.mob_-768x836.jpg 768w\" sizes=\"auto, (max-width: 788px) 100vw, 788px\" \/><span aria-hidden=\"true\" class=\"wp-block-cover__background has-background-dim-0 has-background-dim has-background-gradient\" style=\"background:linear-gradient(180deg,rgba(255,255,255,0) 0%,rgb(0,0,0) 100%)\"><\/span><div class=\"wp-block-cover__inner-container is-layout-constrained wp-container-core-cover-is-layout-35f876ff wp-block-cover-is-layout-constrained\">\n<div class=\"wp-block-group is-content-justification-space-between is-nowrap is-layout-flex wp-container-core-group-is-layout-0dfbf163 wp-block-group-is-layout-flex\">\n<h1 class=\"wp-block-heading\" style=\"margin-top:0;margin-right:0;margin-bottom:0;margin-left:0\">\u00dcber uns<\/h1>\n<\/div>\n<\/div><\/div>\n<\/div>\n\n\n\n<div class=\"wp-block-group alignfull -z-1 has-dark-slate-grey-background-color has-background is-layout-constrained wp-block-group-is-layout-constrained\" style=\"padding-top:var(--wp--preset--spacing--heading-spacing);padding-bottom:var(--wp--preset--spacing--side-spacing-mid)\">\n<div class=\"wp-block-group animated-block is-content-justification-space-between is-layout-flex wp-container-core-group-is-layout-d7fb8128 wp-block-group-is-layout-flex\">\n<p>Freundschaft, die vor mehreren Jahrzehnten begann, sowie unsere Erfahrung im Bausektor, verbindet uns mit einer \u00e4hnlichen Denkweise, Lebensphilosophie, Werten, unserer Sicht auf \u00c4sthetik und Qualit\u00e4t in allem \u2013 was zur Entwicklung der Produktion von Modulh\u00e4usern gef\u00fchrt hat. In dieser Produktion vermitteln wir unsere Erfahrungen und Werte: Wir pflegen Ehrlichkeit und Offenheit. Unser Ziel ist es, Produkte zu schaffen, die Ihnen die besten Emotionen vermitteln.   <\/p>\n<\/div>\n<\/div>\n\n\n\n<div class=\"wp-block-group is-vertical is-content-justification-stretch is-layout-flex wp-container-core-group-is-layout-418e77a2 wp-block-group-is-layout-flex\" style=\"padding-top:var(--wp--preset--spacing--section-spacer)\">\n<div class=\"wp-block-group animated-block is-layout-constrained wp-container-core-group-is-layout-f1253992 wp-block-group-is-layout-constrained\" style=\"margin-top:0;margin-bottom:0;padding-top:0;padding-right:0;padding-bottom:0;padding-left:0\">\n<h1 class=\"wp-block-heading has-text-align-center has-extra-large-font-size\" id=\"komanda\" style=\"margin-bottom:var(--wp--preset--spacing--heading-spacing)\">Team<\/h1>\n<\/div>\n\n\n\n<div class=\"wp-block-columns is-layout-flex wp-container-core-columns-is-layout-a4abe0a1 wp-block-columns-is-layout-flex\" style=\"padding-bottom:var(--wp--preset--spacing--side-spacing-mid)\">\n<div class=\"wp-block-column animated-block is-layout-flow wp-block-column-is-layout-flow\" style=\"flex-basis:38.65%\">\n<div class=\"wp-block-group no-ps is-layout-constrained wp-block-group-is-layout-constrained\">\n<figure class=\"wp-block-image size-full\"><img loading=\"lazy\" decoding=\"async\" width=\"1152\" height=\"1168\" src=\"https:\/\/modilita.lt\/wp-content\/uploads\/2025\/03\/Mod.Rolandas.jpg\" alt=\"\" class=\"wp-image-1687\" srcset=\"https:\/\/modilita.lt\/wp-content\/uploads\/2025\/03\/Mod.Rolandas.jpg 1152w, https:\/\/modilita.lt\/wp-content\/uploads\/2025\/03\/Mod.Rolandas-789x800.jpg 789w, https:\/\/modilita.lt\/wp-content\/uploads\/2025\/03\/Mod.Rolandas-1010x1024.jpg 1010w, https:\/\/modilita.lt\/wp-content\/uploads\/2025\/03\/Mod.Rolandas-768x779.jpg 768w\" sizes=\"auto, (max-width: 1152px) 100vw, 1152px\" \/><\/figure>\n<\/div>\n<\/div>\n\n\n\n<div class=\"wp-block-column is-vertically-aligned-center is-layout-flow wp-block-column-is-layout-flow\" style=\"padding-right:var(--wp--preset--spacing--side-spacing);padding-left:var(--wp--preset--spacing--side-spacing);flex-basis:61.35%\">\n<div class=\"wp-block-group animated-block is-vertical is-layout-flex wp-container-core-group-is-layout-8cf370e7 wp-block-group-is-layout-flex\">\n<h2 class=\"wp-block-heading mobile-pt-4 has-large-3-font-size\">Rolandas Butkevi\u010dius<\/h2>\n\n\n\n<h3 class=\"wp-block-heading mobile-pt-4 has-dim-grey-3-color has-text-color has-link-color has-montserrat-font-family has-medium-5-font-size wp-elements-76fab5f5c39b311e990c2cc51a211d18\" style=\"padding-top:var(--wp--preset--spacing--small-spacing-mid);padding-right:0;padding-bottom:0;padding-left:0\">Direktor und Aktion\u00e4r<\/h3>\n\n\n\n<p style=\"margin-top:var(--wp--preset--spacing--mid-spacing);margin-bottom:0\">Die Bereiche Bauwesen und Immobilien begleiten mich seit 2001. Ich freue mich, dass das Leben mir die M\u00f6glichkeit gegeben hat, eine T\u00e4tigkeit auszu\u00fcben, die mir nicht nur sehr gef\u00e4llt, sondern auch inspiriert, in der ich jeden Tag etwas Neues entdecke und lerne und die mir die Gelegenheit bietet, viele wunderbare Menschen aus verschiedenen Bereichen kennenzulernen. <br>Ehrlichkeit, das Einhalten von Worten und Verantwortung \u2013 ich glaube, dass dies die grundlegenden Werte im Gesch\u00e4ft sind, nach denen wir uns richten und die wir anstreben, gemeinsam auf diesem Gesch\u00e4ftspfad zu gehen.<\/p>\n<\/div>\n<\/div>\n<\/div>\n\n\n\n<div class=\"wp-block-columns mobile_reverse is-layout-flex wp-container-core-columns-is-layout-4c435899 wp-block-columns-is-layout-flex\" style=\"margin-bottom:var(--wp--preset--spacing--side-spacing-mid);padding-top:0;padding-bottom:0\">\n<div class=\"wp-block-column is-vertically-aligned-center is-layout-flow wp-block-column-is-layout-flow\" style=\"padding-right:var(--wp--preset--spacing--side-spacing);padding-left:var(--wp--preset--spacing--side-spacing);flex-basis:61.35%\">\n<div class=\"wp-block-group animated-block is-vertical is-layout-flex wp-container-core-group-is-layout-8cf370e7 wp-block-group-is-layout-flex\">\n<h2 class=\"wp-block-heading mobile-pt-4 has-large-3-font-size\">Marius \u017demgulys<\/h2>\n\n\n\n<h3 class=\"wp-block-heading mobile-pt-4 has-dim-grey-3-color has-text-color has-link-color has-montserrat-font-family has-medium-5-font-size wp-elements-daeff433d8c93c3b6edf9065d4c37c09\" style=\"padding-top:var(--wp--preset--spacing--small-spacing-mid);padding-right:0;padding-bottom:0;padding-left:0\">Produktionsleiter und Aktion\u00e4r<\/h3>\n\n\n\n<p style=\"margin-top:var(--wp--preset--spacing--mid-spacing);margin-bottom:0\">Planung und Arbeitsoptimierung sind meine St\u00e4rken. Diese F\u00e4higkeiten und die gesammelte jahrelange Erfahrung erm\u00f6glichen es mir, mich sehr komfortabel bei der Arbeit zu f\u00fchlen und den gesamten Produktionsprozess zu genie\u00dfen.<\/p>\n<\/div>\n<\/div>\n\n\n\n<div class=\"wp-block-column animated-block is-layout-flow wp-block-column-is-layout-flow\" style=\"flex-basis:38.65%\">\n<div class=\"wp-block-group no-ps is-layout-constrained wp-block-group-is-layout-constrained\">\n<figure class=\"wp-block-image size-large\"><img loading=\"lazy\" decoding=\"async\" width=\"1010\" height=\"1024\" src=\"https:\/\/modilita.lt\/wp-content\/uploads\/2025\/03\/Mod.Marius-1010x1024.jpg\" alt=\"\" class=\"wp-image-1693\" srcset=\"https:\/\/modilita.lt\/wp-content\/uploads\/2025\/03\/Mod.Marius-1010x1024.jpg 1010w, https:\/\/modilita.lt\/wp-content\/uploads\/2025\/03\/Mod.Marius-789x800.jpg 789w, https:\/\/modilita.lt\/wp-content\/uploads\/2025\/03\/Mod.Marius-768x779.jpg 768w, https:\/\/modilita.lt\/wp-content\/uploads\/2025\/03\/Mod.Marius.jpg 1152w\" sizes=\"auto, (max-width: 1010px) 100vw, 1010px\" \/><\/figure>\n<\/div>\n<\/div>\n<\/div>\n\n\n\n<div class=\"wp-block-columns is-layout-flex wp-container-core-columns-is-layout-e161b218 wp-block-columns-is-layout-flex\" style=\"margin-bottom:var(--wp--preset--spacing--side-spacing-mid)\">\n<div class=\"wp-block-column animated-block is-layout-flow wp-block-column-is-layout-flow\" style=\"flex-basis:38.65%\">\n<div class=\"wp-block-group no-ps is-layout-constrained wp-block-group-is-layout-constrained\">\n<figure class=\"wp-block-image size-full\"><img loading=\"lazy\" decoding=\"async\" width=\"1152\" height=\"1168\" src=\"https:\/\/modilita.lt\/wp-content\/uploads\/2025\/03\/Mod.Paulius.jpg\" alt=\"\" class=\"wp-image-1699\" srcset=\"https:\/\/modilita.lt\/wp-content\/uploads\/2025\/03\/Mod.Paulius.jpg 1152w, https:\/\/modilita.lt\/wp-content\/uploads\/2025\/03\/Mod.Paulius-789x800.jpg 789w, https:\/\/modilita.lt\/wp-content\/uploads\/2025\/03\/Mod.Paulius-1010x1024.jpg 1010w, https:\/\/modilita.lt\/wp-content\/uploads\/2025\/03\/Mod.Paulius-768x779.jpg 768w\" sizes=\"auto, (max-width: 1152px) 100vw, 1152px\" \/><\/figure>\n<\/div>\n<\/div>\n\n\n\n<div class=\"wp-block-column is-vertically-aligned-center is-layout-flow wp-block-column-is-layout-flow\" style=\"padding-right:var(--wp--preset--spacing--side-spacing);padding-left:var(--wp--preset--spacing--side-spacing);flex-basis:61.35%\">\n<div class=\"wp-block-group animated-block is-vertical is-layout-flex wp-container-core-group-is-layout-8cf370e7 wp-block-group-is-layout-flex\">\n<h2 class=\"wp-block-heading mobile-pt-4 has-large-3-font-size\">Paulius Kulbis<\/h2>\n\n\n\n<h3 class=\"wp-block-heading mobile-pt-4 has-dim-grey-3-color has-text-color has-link-color has-montserrat-font-family has-medium-5-font-size wp-elements-05a3f8a51a7a2b2998e932512e0872f9\" style=\"padding-top:var(--wp--preset--spacing--small-spacing-mid);padding-right:0;padding-bottom:0;padding-left:0\">Architekt<\/h3>\n\n\n\n<p style=\"margin-top:var(--wp--preset--spacing--mid-spacing);margin-bottom:0\">Langj\u00e4hrige Erfahrung in der Planung und Realisierung individueller H\u00e4user hat es erm\u00f6glicht, ein \u00e4sthetisches, funktionales und nachhaltiges Modulhaus zu schaffen. Die gr\u00f6\u00dfte Herausforderung bestand darin, einen universellen architektonischen Ausdruck zu entwickeln, der sich leicht an unterschiedliche Bed\u00fcrfnisse und Innenraumaufteilungen anpassen l\u00e4sst. Ich bin \u00fcberzeugt, dass unsere universellen Modulh\u00e4user die Bed\u00fcrfnisse des modernen Menschen erf\u00fcllen werden, kompakt, ergonomisch zu leben und gleichzeitig maximalen Komfort zu genie\u00dfen.  <\/p>\n<\/div>\n<\/div>\n<\/div>\n<\/div>\n\n\n\n<div class=\"wp-block-group alignfull has-dark-slate-grey-background-color has-background is-layout-constrained wp-container-core-group-is-layout-3d422796 wp-block-group-is-layout-constrained\" style=\"margin-top:0;margin-bottom:0;padding-top:0;padding-right:0;padding-bottom:0;padding-left:0\">\n<div class=\"wp-block-group is-vertical is-content-justification-stretch is-layout-flex wp-container-core-group-is-layout-deb8be62 wp-block-group-is-layout-flex\" style=\"padding-top:var(--wp--preset--spacing--heading-spacing);padding-bottom:var(--wp--preset--spacing--heading-spacing)\">\n<div class=\"wp-block-group animated-block is-layout-constrained wp-container-core-group-is-layout-f1253992 wp-block-group-is-layout-constrained\" style=\"margin-top:0;margin-bottom:0;padding-top:0;padding-right:0;padding-bottom:0;padding-left:0\">\n<h1 class=\"wp-block-heading has-text-align-center has-extra-large-font-size\" id=\"duk\" style=\"margin-top:0;margin-bottom:var(--wp--preset--spacing--heading-spacing)\">FAQ<\/h1>\n<\/div>\n\n\n\n<div class=\"wp-block-group has-black-3-background-color has-background is-layout-constrained wp-container-core-group-is-layout-c6b4b7cd wp-block-group-is-layout-constrained\" style=\"padding-top:0;padding-right:0;padding-bottom:0;padding-left:0\">\n<div class=\"wp-block-adoras-faq-list\">\n<div class=\"wp-block-adoras-faq-item faq-item\"><div class=\"top\">Sind Ihre Produkte f\u00fcr dauerhaftes Wohnen geeignet?<\/div><div class=\"content\"><div class=\"inner\">\n<p>Ja, unsere modularen H\u00e4user sind f\u00fcr dauerhaftes Wohnen geeignet \u2013 sie sind entsprechend ged\u00e4mmt und ihre Dichtheit ist gew\u00e4hrleistet.<\/p>\n<\/div><\/div><\/div>\n\n\n\n<div class=\"wp-block-adoras-faq-item faq-item\"><div class=\"top\"><span>M\u00fcssen f\u00fcr modulare H\u00e4user Fundamente gebaut werden?<\/span><\/div><div class=\"content\"><div class=\"inner\">\n<p>Nein, das ist nicht unbedingt erforderlich. Modulare H\u00e4user werden in der Regel auf Stahl-Schraubpf\u00e4hlen montiert. Nur wenn dies technisch nicht umsetzbar ist, werden alternative L\u00f6sungen gew\u00e4hlt. <\/p>\n<\/div><\/div><\/div>\n\n\n\n<div class=\"wp-block-adoras-faq-item faq-item\"><div class=\"top\"><span>Wie lange betr\u00e4gt die durchschnittliche Bauzeit eines von Ihnen hergestellten modularen Hauses?<\/span><\/div><div class=\"content\"><div class=\"inner\">\n<p>Teilausbau \u2013 ca. 2,5 Monate; Vollausbau \u2013 ca. 3,5 Monate; Vollausbau mit kompletter Einrichtung (eingebaute M\u00f6bel, Ger\u00e4te usw.) \u2013 ca. 4 Monate.<\/p>\n<\/div><\/div><\/div>\n\n\n\n<div class=\"wp-block-adoras-faq-item faq-item\"><div class=\"top\"><span><span>Ist der Transport Ihrer modularen H\u00e4user in andere L\u00e4nder m\u00f6glich?<\/span><\/span><\/div><div class=\"content\"><div class=\"inner\">\n<p><br>Ja, unsere modularen H\u00e4user haben Abmessungen, die einen Transport in andere L\u00e4nder erm\u00f6glichen.<\/p>\n<\/div><\/div><\/div>\n\n\n\n<div class=\"wp-block-adoras-faq-item faq-item\"><div class=\"top\"><span>Sind modulare H\u00e4user langlebig?<\/span><\/div><div class=\"content\"><div class=\"inner\">\n<p>Ja, modulare H\u00e4user sind langlebig. Moderne Technologien und hochwertige Materialien gew\u00e4hrleisten ihre Haltbarkeit. Bei richtiger Pflege k\u00f6nnen modulare H\u00e4user genauso lange halten wie herk\u00f6mmliche Geb\u00e4ude.  <\/p>\n<\/div><\/div><\/div>\n<\/div>\n<\/div>\n<\/div>\n<\/div>\n","protected":false},"excerpt":{"rendered":"<p>Freundschaft, die vor mehreren Jahrzehnten begann, sowie unsere Erfahrung im Bausektor, verbindet uns mit einer \u00e4hnlichen Denkweise, Lebensphilosophie, Werten, unserer Sicht auf \u00c4sthetik und Qualit\u00e4t in allem \u2013 was zur Entwicklung der Produktion von Modulh\u00e4usern gef\u00fchrt hat. In dieser Produktion vermitteln wir unsere Erfahrungen und Werte: Wir pflegen Ehrlichkeit und Offenheit. Unser Ziel ist es, [&hellip;]<\/p>\n","protected":false},"author":1,"featured_media":0,"parent":0,"menu_order":0,"comment_status":"closed","ping_status":"closed","template":"","meta":{"_acf_changed":false,"inline_featured_image":false,"footnotes":""},"class_list":["post-1682","page","type-page","status-publish","hentry"],"acf":[],"yoast_head":"<!-- This site is optimized with the Yoast SEO plugin v25.3 - https:\/\/yoast.com\/wordpress\/plugins\/seo\/ -->\n<title>\u00dcber uns - Modilita<\/title>\n<meta name=\"robots\" content=\"index, follow, max-snippet:-1, max-image-preview:large, max-video-preview:-1\" \/>\n<link rel=\"canonical\" href=\"https:\/\/modilita.lt\/de\/ueber-uns\/\" \/>\n<meta property=\"og:locale\" content=\"de_DE\" \/>\n<meta property=\"og:type\" content=\"article\" \/>\n<meta property=\"og:title\" content=\"\u00dcber uns - Modilita\" \/>\n<meta property=\"og:description\" content=\"Freundschaft, die vor mehreren Jahrzehnten begann, sowie unsere Erfahrung im Bausektor, verbindet uns mit einer \u00e4hnlichen Denkweise, Lebensphilosophie, Werten, unserer Sicht auf \u00c4sthetik und Qualit\u00e4t in allem \u2013 was zur Entwicklung der Produktion von Modulh\u00e4usern gef\u00fchrt hat. In dieser Produktion vermitteln wir unsere Erfahrungen und Werte: Wir pflegen Ehrlichkeit und Offenheit. Unser Ziel ist es, [&hellip;]\" \/>\n<meta property=\"og:url\" content=\"https:\/\/modilita.lt\/de\/ueber-uns\/\" \/>\n<meta property=\"og:site_name\" content=\"Modilita\" \/>\n<meta property=\"article:publisher\" content=\"https:\/\/www.facebook.com\/profile.php?id=61565590027081\" \/>\n<meta property=\"article:modified_time\" content=\"2025-06-11T22:50:43+00:00\" \/>\n<meta property=\"og:image\" content=\"https:\/\/modilita.lt\/wp-content\/uploads\/2025\/03\/Mod.Aboutus.Titul_.foto_.jpg\" \/>\n\t<meta property=\"og:image:width\" content=\"1554\" \/>\n\t<meta property=\"og:image:height\" content=\"1038\" \/>\n\t<meta property=\"og:image:type\" content=\"image\/jpeg\" \/>\n<meta name=\"twitter:card\" content=\"summary_large_image\" \/>\n<meta name=\"twitter:label1\" content=\"Gesch\u00e4tzte Lesezeit\" \/>\n\t<meta name=\"twitter:data1\" content=\"4\u00a0Minuten\" \/>\n<script type=\"application\/ld+json\" class=\"yoast-schema-graph\">{\"@context\":\"https:\/\/schema.org\",\"@graph\":[{\"@type\":\"WebPage\",\"@id\":\"https:\/\/modilita.lt\/de\/ueber-uns\/\",\"url\":\"https:\/\/modilita.lt\/de\/ueber-uns\/\",\"name\":\"\u00dcber uns - Modilita\",\"isPartOf\":{\"@id\":\"https:\/\/modilita.lt\/#website\"},\"primaryImageOfPage\":{\"@id\":\"https:\/\/modilita.lt\/de\/ueber-uns\/#primaryimage\"},\"image\":{\"@id\":\"https:\/\/modilita.lt\/de\/ueber-uns\/#primaryimage\"},\"thumbnailUrl\":\"https:\/\/modilita.lt\/wp-content\/uploads\/2025\/03\/Mod.Aboutus.Titul_.foto_.jpg\",\"datePublished\":\"2025-03-21T14:18:10+00:00\",\"dateModified\":\"2025-06-11T22:50:43+00:00\",\"breadcrumb\":{\"@id\":\"https:\/\/modilita.lt\/de\/ueber-uns\/#breadcrumb\"},\"inLanguage\":\"de\",\"potentialAction\":[{\"@type\":\"ReadAction\",\"target\":[\"https:\/\/modilita.lt\/de\/ueber-uns\/\"]}]},{\"@type\":\"ImageObject\",\"inLanguage\":\"de\",\"@id\":\"https:\/\/modilita.lt\/de\/ueber-uns\/#primaryimage\",\"url\":\"https:\/\/modilita.lt\/wp-content\/uploads\/2025\/03\/Mod.Aboutus.Titul_.foto_.jpg\",\"contentUrl\":\"https:\/\/modilita.lt\/wp-content\/uploads\/2025\/03\/Mod.Aboutus.Titul_.foto_.jpg\"},{\"@type\":\"BreadcrumbList\",\"@id\":\"https:\/\/modilita.lt\/de\/ueber-uns\/#breadcrumb\",\"itemListElement\":[{\"@type\":\"ListItem\",\"position\":1,\"name\":\"Home\",\"item\":\"https:\/\/modilita.lt\/de\/\"},{\"@type\":\"ListItem\",\"position\":2,\"name\":\"\u00dcber uns\"}]},{\"@type\":\"WebSite\",\"@id\":\"https:\/\/modilita.lt\/#website\",\"url\":\"https:\/\/modilita.lt\/\",\"name\":\"Modilita\",\"description\":\"\",\"publisher\":{\"@id\":\"https:\/\/modilita.lt\/#organization\"},\"potentialAction\":[{\"@type\":\"SearchAction\",\"target\":{\"@type\":\"EntryPoint\",\"urlTemplate\":\"https:\/\/modilita.lt\/?s={search_term_string}\"},\"query-input\":{\"@type\":\"PropertyValueSpecification\",\"valueRequired\":true,\"valueName\":\"search_term_string\"}}],\"inLanguage\":\"de\"},{\"@type\":\"Organization\",\"@id\":\"https:\/\/modilita.lt\/#organization\",\"name\":\"Modilita\",\"url\":\"https:\/\/modilita.lt\/\",\"logo\":{\"@type\":\"ImageObject\",\"inLanguage\":\"de\",\"@id\":\"https:\/\/modilita.lt\/#\/schema\/logo\/image\/\",\"url\":\"https:\/\/modilita.lt\/wp-content\/uploads\/2024\/08\/Modilita-logo.svg\",\"contentUrl\":\"https:\/\/modilita.lt\/wp-content\/uploads\/2024\/08\/Modilita-logo.svg\",\"width\":204,\"height\":28,\"caption\":\"Modilita\"},\"image\":{\"@id\":\"https:\/\/modilita.lt\/#\/schema\/logo\/image\/\"},\"sameAs\":[\"https:\/\/www.facebook.com\/profile.php?id=61565590027081\",\"https:\/\/www.instagram.com\/modilita.lt\/\"]}]}<\/script>\n<!-- \/ Yoast SEO plugin. -->","yoast_head_json":{"title":"\u00dcber uns - Modilita","robots":{"index":"index","follow":"follow","max-snippet":"max-snippet:-1","max-image-preview":"max-image-preview:large","max-video-preview":"max-video-preview:-1"},"canonical":"https:\/\/modilita.lt\/de\/ueber-uns\/","og_locale":"de_DE","og_type":"article","og_title":"\u00dcber uns - Modilita","og_description":"Freundschaft, die vor mehreren Jahrzehnten begann, sowie unsere Erfahrung im Bausektor, verbindet uns mit einer \u00e4hnlichen Denkweise, Lebensphilosophie, Werten, unserer Sicht auf \u00c4sthetik und Qualit\u00e4t in allem \u2013 was zur Entwicklung der Produktion von Modulh\u00e4usern gef\u00fchrt hat. In dieser Produktion vermitteln wir unsere Erfahrungen und Werte: Wir pflegen Ehrlichkeit und Offenheit. Unser Ziel ist es, [&hellip;]","og_url":"https:\/\/modilita.lt\/de\/ueber-uns\/","og_site_name":"Modilita","article_publisher":"https:\/\/www.facebook.com\/profile.php?id=61565590027081","article_modified_time":"2025-06-11T22:50:43+00:00","og_image":[{"width":1554,"height":1038,"url":"https:\/\/modilita.lt\/wp-content\/uploads\/2025\/03\/Mod.Aboutus.Titul_.foto_.jpg","type":"image\/jpeg"}],"twitter_card":"summary_large_image","twitter_misc":{"Gesch\u00e4tzte Lesezeit":"4\u00a0Minuten"},"schema":{"@context":"https:\/\/schema.org","@graph":[{"@type":"WebPage","@id":"https:\/\/modilita.lt\/de\/ueber-uns\/","url":"https:\/\/modilita.lt\/de\/ueber-uns\/","name":"\u00dcber uns - Modilita","isPartOf":{"@id":"https:\/\/modilita.lt\/#website"},"primaryImageOfPage":{"@id":"https:\/\/modilita.lt\/de\/ueber-uns\/#primaryimage"},"image":{"@id":"https:\/\/modilita.lt\/de\/ueber-uns\/#primaryimage"},"thumbnailUrl":"https:\/\/modilita.lt\/wp-content\/uploads\/2025\/03\/Mod.Aboutus.Titul_.foto_.jpg","datePublished":"2025-03-21T14:18:10+00:00","dateModified":"2025-06-11T22:50:43+00:00","breadcrumb":{"@id":"https:\/\/modilita.lt\/de\/ueber-uns\/#breadcrumb"},"inLanguage":"de","potentialAction":[{"@type":"ReadAction","target":["https:\/\/modilita.lt\/de\/ueber-uns\/"]}]},{"@type":"ImageObject","inLanguage":"de","@id":"https:\/\/modilita.lt\/de\/ueber-uns\/#primaryimage","url":"https:\/\/modilita.lt\/wp-content\/uploads\/2025\/03\/Mod.Aboutus.Titul_.foto_.jpg","contentUrl":"https:\/\/modilita.lt\/wp-content\/uploads\/2025\/03\/Mod.Aboutus.Titul_.foto_.jpg"},{"@type":"BreadcrumbList","@id":"https:\/\/modilita.lt\/de\/ueber-uns\/#breadcrumb","itemListElement":[{"@type":"ListItem","position":1,"name":"Home","item":"https:\/\/modilita.lt\/de\/"},{"@type":"ListItem","position":2,"name":"\u00dcber uns"}]},{"@type":"WebSite","@id":"https:\/\/modilita.lt\/#website","url":"https:\/\/modilita.lt\/","name":"Modilita","description":"","publisher":{"@id":"https:\/\/modilita.lt\/#organization"},"potentialAction":[{"@type":"SearchAction","target":{"@type":"EntryPoint","urlTemplate":"https:\/\/modilita.lt\/?s={search_term_string}"},"query-input":{"@type":"PropertyValueSpecification","valueRequired":true,"valueName":"search_term_string"}}],"inLanguage":"de"},{"@type":"Organization","@id":"https:\/\/modilita.lt\/#organization","name":"Modilita","url":"https:\/\/modilita.lt\/","logo":{"@type":"ImageObject","inLanguage":"de","@id":"https:\/\/modilita.lt\/#\/schema\/logo\/image\/","url":"https:\/\/modilita.lt\/wp-content\/uploads\/2024\/08\/Modilita-logo.svg","contentUrl":"https:\/\/modilita.lt\/wp-content\/uploads\/2024\/08\/Modilita-logo.svg","width":204,"height":28,"caption":"Modilita"},"image":{"@id":"https:\/\/modilita.lt\/#\/schema\/logo\/image\/"},"sameAs":["https:\/\/www.facebook.com\/profile.php?id=61565590027081","https:\/\/www.instagram.com\/modilita.lt\/"]}]}},"_links":{"self":[{"href":"https:\/\/modilita.lt\/de\/wp-json\/wp\/v2\/pages\/1682","targetHints":{"allow":["GET"]}}],"collection":[{"href":"https:\/\/modilita.lt\/de\/wp-json\/wp\/v2\/pages"}],"about":[{"href":"https:\/\/modilita.lt\/de\/wp-json\/wp\/v2\/types\/page"}],"author":[{"embeddable":true,"href":"https:\/\/modilita.lt\/de\/wp-json\/wp\/v2\/users\/1"}],"replies":[{"embeddable":true,"href":"https:\/\/modilita.lt\/de\/wp-json\/wp\/v2\/comments?post=1682"}],"version-history":[{"count":22,"href":"https:\/\/modilita.lt\/de\/wp-json\/wp\/v2\/pages\/1682\/revisions"}],"predecessor-version":[{"id":1909,"href":"https:\/\/modilita.lt\/de\/wp-json\/wp\/v2\/pages\/1682\/revisions\/1909"}],"wp:attachment":[{"href":"https:\/\/modilita.lt\/de\/wp-json\/wp\/v2\/media?parent=1682"}],"curies":[{"name":"wp","href":"https:\/\/api.w.org\/{rel}","templated":true}]}}