{"id":1326,"date":"2024-12-06T18:58:22","date_gmt":"2024-12-06T18:58:22","guid":{"rendered":"https:\/\/modilita.lt\/?page_id=1326"},"modified":"2025-07-23T21:37:33","modified_gmt":"2025-07-23T21:37:33","slug":"fuer-ihr-erfolgreiches-geschaeft","status":"publish","type":"page","link":"https:\/\/modilita.lt\/de\/fuer-ihr-erfolgreiches-geschaeft\/","title":{"rendered":"F\u00fcr Ihr erfolgreiches Gesch\u00e4ft"},"content":{"rendered":"\n<div class=\"wp-block-group alignwide animated-block is-layout-constrained wp-block-group-is-layout-constrained\">\n<div class=\"wp-block-cover alignwide has-custom-content-position is-position-bottom-center desktoponly\" style=\"padding-top:var(--wp--preset--spacing--cover-vertical);padding-right:0;padding-bottom:var(--wp--preset--spacing--cover-vertical);padding-left:0;min-height:36vw;aspect-ratio:unset;\"><img loading=\"lazy\" decoding=\"async\" width=\"1800\" height=\"692\" class=\"wp-block-cover__image-background wp-image-1330\" alt=\"\" src=\"https:\/\/modilita.lt\/wp-content\/uploads\/2024\/12\/Rectangle-23.png\" data-object-fit=\"cover\" srcset=\"https:\/\/modilita.lt\/wp-content\/uploads\/2024\/12\/Rectangle-23.png 1800w, https:\/\/modilita.lt\/wp-content\/uploads\/2024\/12\/Rectangle-23-800x308.png 800w, https:\/\/modilita.lt\/wp-content\/uploads\/2024\/12\/Rectangle-23-1024x394.png 1024w, https:\/\/modilita.lt\/wp-content\/uploads\/2024\/12\/Rectangle-23-768x295.png 768w, https:\/\/modilita.lt\/wp-content\/uploads\/2024\/12\/Rectangle-23-1536x591.png 1536w\" sizes=\"auto, (max-width: 1800px) 100vw, 1800px\" \/><span aria-hidden=\"true\" class=\"wp-block-cover__background has-background-dim-30 has-background-dim wp-block-cover__gradient-background has-background-gradient\" style=\"background:linear-gradient(180deg,rgba(255,255,255,0) 0%,rgb(0,0,0) 100%)\"><\/span><div class=\"wp-block-cover__inner-container is-layout-constrained wp-container-core-cover-is-layout-1bb0d2ca wp-block-cover-is-layout-constrained\">\n<div class=\"wp-block-group is-content-justification-space-between is-nowrap is-layout-flex wp-container-core-group-is-layout-0dfbf163 wp-block-group-is-layout-flex\">\n<h1 class=\"wp-block-heading\" style=\"margin-top:0;margin-right:0;margin-bottom:0;margin-left:0\">F\u00fcr Ihr erfolgreiches Gesch\u00e4ft<\/h1>\n<\/div>\n<\/div><\/div>\n\n\n\n<div class=\"wp-block-cover alignwide has-custom-content-position is-position-bottom-center mobileonly\" style=\"padding-top:var(--wp--preset--spacing--cover-vertical);padding-right:var(--wp--preset--spacing--cover-vertical);padding-bottom:var(--wp--preset--spacing--cover-vertical);padding-left:var(--wp--preset--spacing--cover-vertical);min-height:100vw;aspect-ratio:unset;\"><img loading=\"lazy\" decoding=\"async\" width=\"2048\" height=\"2048\" class=\"wp-block-cover__image-background wp-image-1357\" alt=\"\" src=\"https:\/\/modilita.lt\/wp-content\/uploads\/2024\/12\/Modilita-sekmingam-verslui-mob.jpg\" data-object-fit=\"cover\" srcset=\"https:\/\/modilita.lt\/wp-content\/uploads\/2024\/12\/Modilita-sekmingam-verslui-mob.jpg 2048w, https:\/\/modilita.lt\/wp-content\/uploads\/2024\/12\/Modilita-sekmingam-verslui-mob-800x800.jpg 800w, https:\/\/modilita.lt\/wp-content\/uploads\/2024\/12\/Modilita-sekmingam-verslui-mob-1024x1024.jpg 1024w, https:\/\/modilita.lt\/wp-content\/uploads\/2024\/12\/Modilita-sekmingam-verslui-mob-150x150.jpg 150w, https:\/\/modilita.lt\/wp-content\/uploads\/2024\/12\/Modilita-sekmingam-verslui-mob-768x768.jpg 768w, https:\/\/modilita.lt\/wp-content\/uploads\/2024\/12\/Modilita-sekmingam-verslui-mob-1536x1536.jpg 1536w\" sizes=\"auto, (max-width: 2048px) 100vw, 2048px\" \/><span aria-hidden=\"true\" class=\"wp-block-cover__background has-background-dim-30 has-background-dim wp-block-cover__gradient-background has-background-gradient\" style=\"background:linear-gradient(180deg,rgba(255,255,255,0) 0%,rgb(0,0,0) 100%)\"><\/span><div class=\"wp-block-cover__inner-container is-layout-constrained wp-container-core-cover-is-layout-eb734a14 wp-block-cover-is-layout-constrained\">\n<div class=\"wp-block-group is-content-justification-space-between is-nowrap is-layout-flex wp-container-core-group-is-layout-0dfbf163 wp-block-group-is-layout-flex\">\n<h1 class=\"wp-block-heading\" style=\"margin-top:0;margin-right:0;margin-bottom:0;margin-left:0\">F\u00fcr Ihr erfolgreiches Gesch\u00e4ft<\/h1>\n<\/div>\n<\/div><\/div>\n<\/div>\n\n<div class=\"wp-block-group alignfull -z-1 has-dark-slate-grey-background-color has-background is-layout-constrained wp-block-group-is-layout-constrained\" style=\"padding-top:var(--wp--preset--spacing--mid-spacing-2);padding-bottom:var(--wp--preset--spacing--mid-spacing-2)\">\n<div class=\"wp-block-group animated-block is-content-justification-space-between is-layout-flex wp-container-core-group-is-layout-d7fb8128 wp-block-group-is-layout-flex\">\n<h4 class=\"wp-block-heading\" style=\"margin-bottom:var(--wp--preset--spacing--mid-spacing)\">Beschreibung<\/h4>\n\n\n\n<p class=\"wp-container-content-ea63e887\">Modulare Geb\u00e4ude lassen sich leicht an Ihr Unternehmen anpassen. Ob es sich um ein Caf\u00e9, einen Friseursalon, ein B\u00fcro oder etwas anderes handelt. Je nach den Abmessungen kann die Innenausstattung an Ihre Bed\u00fcrfnisse angepasst werden. Die Informationen auf der Website zeigen das Maxi-Modul, aber auch das kleinere Medi-Modul kann verwendet werden.   <\/p>\n<\/div>\n<\/div>\n\n<div class=\"wp-block-group alignfull is-layout-constrained wp-block-group-is-layout-constrained\" style=\"padding-top:var(--wp--preset--spacing--small-section-spacer);padding-bottom:var(--wp--preset--spacing--small-section-spacer)\">\n<div class=\"wp-block-group animated-block is-content-justification-center is-layout-flex wp-container-core-group-is-layout-6274c98b wp-block-group-is-layout-flex\">\n<h4 class=\"wp-block-heading\" style=\"margin-bottom:var(--wp--preset--spacing--mid-spacing)\">Einige der vielen m\u00f6glichen Optionen<\/h4>\n\n\n\n<div class=\"wp-block-group dotted-slick arrows text-center is-layout-constrained wp-block-group-is-layout-constrained\">\n<figure class=\"wp-block-image size-full is-resized animated- click2zoom cursor-pointer\"><img loading=\"lazy\" decoding=\"async\" width=\"1536\" height=\"691\" src=\"https:\/\/modilita.lt\/wp-content\/uploads\/2025\/07\/Verslui-planai-A.jpg\" alt=\"\" class=\"wp-image-1970\" style=\"width:1160px\" srcset=\"https:\/\/modilita.lt\/wp-content\/uploads\/2025\/07\/Verslui-planai-A.jpg 1536w, https:\/\/modilita.lt\/wp-content\/uploads\/2025\/07\/Verslui-planai-A-800x360.jpg 800w, https:\/\/modilita.lt\/wp-content\/uploads\/2025\/07\/Verslui-planai-A-1024x461.jpg 1024w, https:\/\/modilita.lt\/wp-content\/uploads\/2025\/07\/Verslui-planai-A-768x346.jpg 768w\" sizes=\"auto, (max-width: 1536px) 100vw, 1536px\" \/><\/figure>\n\n\n\n<figure class=\"wp-block-image size-full is-resized animated- click2zoom cursor-pointer\"><img loading=\"lazy\" decoding=\"async\" width=\"1536\" height=\"691\" src=\"https:\/\/modilita.lt\/wp-content\/uploads\/2025\/07\/Verslui-planai-B.jpg\" alt=\"\" class=\"wp-image-1973\" style=\"width:1160px\" srcset=\"https:\/\/modilita.lt\/wp-content\/uploads\/2025\/07\/Verslui-planai-B.jpg 1536w, https:\/\/modilita.lt\/wp-content\/uploads\/2025\/07\/Verslui-planai-B-800x360.jpg 800w, https:\/\/modilita.lt\/wp-content\/uploads\/2025\/07\/Verslui-planai-B-1024x461.jpg 1024w, https:\/\/modilita.lt\/wp-content\/uploads\/2025\/07\/Verslui-planai-B-768x346.jpg 768w\" sizes=\"auto, (max-width: 1536px) 100vw, 1536px\" \/><\/figure>\n\n\n\n<figure class=\"wp-block-image size-full is-resized animated- click2zoom cursor-pointer\"><img loading=\"lazy\" decoding=\"async\" width=\"1536\" height=\"691\" src=\"https:\/\/modilita.lt\/wp-content\/uploads\/2025\/07\/Verslui-planai-C.jpg\" alt=\"\" class=\"wp-image-1976\" style=\"width:1160px\" srcset=\"https:\/\/modilita.lt\/wp-content\/uploads\/2025\/07\/Verslui-planai-C.jpg 1536w, https:\/\/modilita.lt\/wp-content\/uploads\/2025\/07\/Verslui-planai-C-800x360.jpg 800w, https:\/\/modilita.lt\/wp-content\/uploads\/2025\/07\/Verslui-planai-C-1024x461.jpg 1024w, https:\/\/modilita.lt\/wp-content\/uploads\/2025\/07\/Verslui-planai-C-768x346.jpg 768w\" sizes=\"auto, (max-width: 1536px) 100vw, 1536px\" \/><\/figure>\n\n\n\n<figure class=\"wp-block-image size-large\"><img loading=\"lazy\" decoding=\"async\" width=\"1024\" height=\"461\" src=\"https:\/\/modilita.lt\/wp-content\/uploads\/2025\/07\/Verslui-D-1024x461.jpg\" alt=\"\" class=\"wp-image-1967\" srcset=\"https:\/\/modilita.lt\/wp-content\/uploads\/2025\/07\/Verslui-D-1024x461.jpg 1024w, https:\/\/modilita.lt\/wp-content\/uploads\/2025\/07\/Verslui-D-800x360.jpg 800w, https:\/\/modilita.lt\/wp-content\/uploads\/2025\/07\/Verslui-D-768x346.jpg 768w, https:\/\/modilita.lt\/wp-content\/uploads\/2025\/07\/Verslui-D.jpg 1536w\" sizes=\"auto, (max-width: 1024px) 100vw, 1024px\" \/><\/figure>\n<\/div>\n<\/div>\n<\/div>\n\n<div class=\"wp-block-group alignfull has-dark-slate-grey-background-color has-background is-layout-constrained wp-block-group-is-layout-constrained\">\n<div class=\"wp-block-group alignfull is-layout-constrained wp-block-group-is-layout-constrained\" style=\"padding-top:var(--wp--preset--spacing--small-section-spacer);padding-bottom:var(--wp--preset--spacing--small-section-spacer)\">\n<div class=\"wp-block-group animated-block is-content-justification-space-between is-layout-flex wp-container-core-group-is-layout-d7fb8128 wp-block-group-is-layout-flex\">\n<h4 class=\"wp-block-heading\" style=\"margin-bottom:var(--wp--preset--spacing--mid-spacing)\">Spezifikationen<\/h4>\n\n\n\n<div class=\"wp-block-group is-layout-constrained wp-container-core-group-is-layout-d990fbdf wp-block-group-is-layout-constrained\">\n<figure class=\"wp-block-table\"><table class=\"has-fixed-layout\"><tbody><tr><td>Gesamtfl\u00e4che<\/td><td>33,51 m\u00b2<\/td><\/tr><tr><td>L\u00e4nge des Hauses<\/td><td>11,2 m<\/td><\/tr><tr><td>Hausbreite<\/td><td>3,96 m<\/td><\/tr><tr><td>Haush\u00f6he<\/td><td>3,95 m<\/td><\/tr><\/tbody><\/table><\/figure>\n<\/div>\n<\/div>\n<\/div>\n\n\n\n<div class=\"wp-block-group alignfull is-layout-constrained wp-block-group-is-layout-constrained\" style=\"padding-bottom:var(--wp--preset--spacing--small-section-spacer)\">\n<div class=\"wp-block-group animated-block is-content-justification-space-between is-layout-flex wp-container-core-group-is-layout-d7fb8128 wp-block-group-is-layout-flex\">\n<h4 class=\"wp-block-heading\" style=\"margin-bottom:var(--wp--preset--spacing--mid-spacing)\">Technische<br\/>Daten<\/h4>\n\n\n\n<div class=\"wp-block-group is-layout-constrained wp-container-core-group-is-layout-d990fbdf wp-block-group-is-layout-constrained\">\n<p class=\"wp-container-content-ea63e887\">\u2022 Zum Schutz der Konstruktion wird im Boden Marine-Sperrholz verwendet.<br\/>\u2022 Bei Bedarf k\u00f6nnen im gesamten Bodenbereich Nagetiernetze angebracht werden.<br\/>\u2022 Konstruktionsholz: Fichte, Festigkeitsklasse C24, sortiert, getrocknet, kalibriert.<br\/>\u2022 Die Konstruktionen sind mit D\u00e4mmwolle isoliert: der Boden\/die Fu\u00dfb\u00f6den \u2013 300 mm; die W\u00e4nde \u2013 200 mm; das Dach \u2013 300 mm.<br\/>\u2022 Die Fassade ist mit Feuerverg\u00fctete Holzverkleidungen und individuell gefalteten Blechprofilen verkleidet (es wird Ruukki-Blech 0,6 mm verwendet).<br\/>\u2022 Dacheindeckung \u2013 Ruukki 50 Plus Classic-Blech. In die Fassadenkonstruktion integriertes Regenwasserabflussrohr. <br\/>\u2022 Aluminium-Fenster- und Terrassent\u00fcrprofile von Raynaers. Glas mit erh\u00f6htem Sonnenschutz und geh\u00e4rtetem Glas. <\/p>\n<\/div>\n<\/div>\n<\/div>\n<\/div>\n\n<div class=\"wp-block-group alignfull -z-1 is-layout-constrained wp-block-group-is-layout-constrained\" style=\"padding-top:var(--wp--preset--spacing--small-section-spacer);padding-bottom:var(--wp--preset--spacing--small-section-spacer)\">\n<div class=\"wp-block-group animated-block is-content-justification-space-between is-layout-flex wp-container-core-group-is-layout-d7fb8128 wp-block-group-is-layout-flex\">\n<h4 class=\"wp-block-heading\" style=\"margin-bottom:var(--wp--preset--spacing--mid-spacing)\">Prozessablauf<\/h4>\n\n\n\n<p class=\"wp-container-content-ea63e887\">Da das Geb\u00e4ude an die Bed\u00fcrfnisse des K\u00e4ufers angepasst werden kann, werden der Preis und die Konditionen nach einem ausf\u00fchrlichen Gespr\u00e4ch \u00fcber die geplante Nutzung des Moduls und die gew\u00fcnschten L\u00f6sungen festgelegt. Wir f\u00fchren die Fassadenarbeiten immer bis zur Fertigstellung aus, und als Faustregel gilt, dass wir keine Innenausbauarbeiten durchf\u00fchren. Auf Wunsch sind aber auch andere Ausbaustufen m\u00f6glich: Teilinnenausbau, Vollinnenausbau. Gemeinsam k\u00f6nnen wir Ihr Ziel verwirklichen.   <\/p>\n<\/div>\n<\/div>\n","protected":false},"excerpt":{"rendered":"<p>Beschreibung Modulare Geb\u00e4ude lassen sich leicht an Ihr Unternehmen anpassen. Ob es sich um ein Caf\u00e9, einen Friseursalon, ein B\u00fcro oder etwas anderes handelt. Je nach den Abmessungen kann die Innenausstattung an Ihre Bed\u00fcrfnisse angepasst werden. Die Informationen auf der Website zeigen das Maxi-Modul, aber auch das kleinere Medi-Modul kann verwendet werden. Einige der vielen [&hellip;]<\/p>\n","protected":false},"author":1,"featured_media":0,"parent":0,"menu_order":0,"comment_status":"closed","ping_status":"closed","template":"","meta":{"_acf_changed":false,"inline_featured_image":false,"footnotes":""},"class_list":["post-1326","page","type-page","status-publish","hentry"],"acf":[],"yoast_head":"<!-- This site is optimized with the Yoast SEO plugin v25.3 - https:\/\/yoast.com\/wordpress\/plugins\/seo\/ -->\n<title>F\u00fcr Ihr erfolgreiches Gesch\u00e4ft - Modilita<\/title>\n<meta name=\"robots\" content=\"index, follow, max-snippet:-1, max-image-preview:large, max-video-preview:-1\" \/>\n<link rel=\"canonical\" href=\"https:\/\/modilita.lt\/de\/fuer-ihr-erfolgreiches-geschaeft\/\" \/>\n<meta property=\"og:locale\" content=\"de_DE\" \/>\n<meta property=\"og:type\" content=\"article\" \/>\n<meta property=\"og:title\" content=\"F\u00fcr Ihr erfolgreiches Gesch\u00e4ft - Modilita\" \/>\n<meta property=\"og:description\" content=\"Beschreibung Modulare Geb\u00e4ude lassen sich leicht an Ihr Unternehmen anpassen. Ob es sich um ein Caf\u00e9, einen Friseursalon, ein B\u00fcro oder etwas anderes handelt. Je nach den Abmessungen kann die Innenausstattung an Ihre Bed\u00fcrfnisse angepasst werden. Die Informationen auf der Website zeigen das Maxi-Modul, aber auch das kleinere Medi-Modul kann verwendet werden. Einige der vielen [&hellip;]\" \/>\n<meta property=\"og:url\" content=\"https:\/\/modilita.lt\/de\/fuer-ihr-erfolgreiches-geschaeft\/\" \/>\n<meta property=\"og:site_name\" content=\"Modilita\" \/>\n<meta property=\"article:publisher\" content=\"https:\/\/www.facebook.com\/profile.php?id=61565590027081\" \/>\n<meta property=\"article:modified_time\" content=\"2025-07-23T21:37:33+00:00\" \/>\n<meta property=\"og:image\" content=\"https:\/\/modilita.lt\/wp-content\/uploads\/2024\/12\/Rectangle-23-1024x394.png\" \/>\n\t<meta property=\"og:image:width\" content=\"1024\" \/>\n\t<meta property=\"og:image:height\" content=\"394\" \/>\n\t<meta property=\"og:image:type\" content=\"image\/png\" \/>\n<meta name=\"twitter:card\" content=\"summary_large_image\" \/>\n<meta name=\"twitter:label1\" content=\"Gesch\u00e4tzte Lesezeit\" \/>\n\t<meta name=\"twitter:data1\" content=\"1\u00a0Minute\" \/>\n<script type=\"application\/ld+json\" class=\"yoast-schema-graph\">{\"@context\":\"https:\/\/schema.org\",\"@graph\":[{\"@type\":\"WebPage\",\"@id\":\"https:\/\/modilita.lt\/de\/fuer-ihr-erfolgreiches-geschaeft\/\",\"url\":\"https:\/\/modilita.lt\/de\/fuer-ihr-erfolgreiches-geschaeft\/\",\"name\":\"F\u00fcr Ihr erfolgreiches Gesch\u00e4ft - Modilita\",\"isPartOf\":{\"@id\":\"https:\/\/modilita.lt\/#website\"},\"primaryImageOfPage\":{\"@id\":\"https:\/\/modilita.lt\/de\/fuer-ihr-erfolgreiches-geschaeft\/#primaryimage\"},\"image\":{\"@id\":\"https:\/\/modilita.lt\/de\/fuer-ihr-erfolgreiches-geschaeft\/#primaryimage\"},\"thumbnailUrl\":\"https:\/\/modilita.lt\/wp-content\/uploads\/2024\/12\/Rectangle-23.png\",\"datePublished\":\"2024-12-06T18:58:22+00:00\",\"dateModified\":\"2025-07-23T21:37:33+00:00\",\"breadcrumb\":{\"@id\":\"https:\/\/modilita.lt\/de\/fuer-ihr-erfolgreiches-geschaeft\/#breadcrumb\"},\"inLanguage\":\"de\",\"potentialAction\":[{\"@type\":\"ReadAction\",\"target\":[\"https:\/\/modilita.lt\/de\/fuer-ihr-erfolgreiches-geschaeft\/\"]}]},{\"@type\":\"ImageObject\",\"inLanguage\":\"de\",\"@id\":\"https:\/\/modilita.lt\/de\/fuer-ihr-erfolgreiches-geschaeft\/#primaryimage\",\"url\":\"https:\/\/modilita.lt\/wp-content\/uploads\/2024\/12\/Rectangle-23.png\",\"contentUrl\":\"https:\/\/modilita.lt\/wp-content\/uploads\/2024\/12\/Rectangle-23.png\"},{\"@type\":\"BreadcrumbList\",\"@id\":\"https:\/\/modilita.lt\/de\/fuer-ihr-erfolgreiches-geschaeft\/#breadcrumb\",\"itemListElement\":[{\"@type\":\"ListItem\",\"position\":1,\"name\":\"Home\",\"item\":\"https:\/\/modilita.lt\/de\/\"},{\"@type\":\"ListItem\",\"position\":2,\"name\":\"F\u00fcr Ihr erfolgreiches Gesch\u00e4ft\"}]},{\"@type\":\"WebSite\",\"@id\":\"https:\/\/modilita.lt\/#website\",\"url\":\"https:\/\/modilita.lt\/\",\"name\":\"Modilita\",\"description\":\"\",\"publisher\":{\"@id\":\"https:\/\/modilita.lt\/#organization\"},\"potentialAction\":[{\"@type\":\"SearchAction\",\"target\":{\"@type\":\"EntryPoint\",\"urlTemplate\":\"https:\/\/modilita.lt\/?s={search_term_string}\"},\"query-input\":{\"@type\":\"PropertyValueSpecification\",\"valueRequired\":true,\"valueName\":\"search_term_string\"}}],\"inLanguage\":\"de\"},{\"@type\":\"Organization\",\"@id\":\"https:\/\/modilita.lt\/#organization\",\"name\":\"Modilita\",\"url\":\"https:\/\/modilita.lt\/\",\"logo\":{\"@type\":\"ImageObject\",\"inLanguage\":\"de\",\"@id\":\"https:\/\/modilita.lt\/#\/schema\/logo\/image\/\",\"url\":\"https:\/\/modilita.lt\/wp-content\/uploads\/2024\/08\/Modilita-logo.svg\",\"contentUrl\":\"https:\/\/modilita.lt\/wp-content\/uploads\/2024\/08\/Modilita-logo.svg\",\"width\":204,\"height\":28,\"caption\":\"Modilita\"},\"image\":{\"@id\":\"https:\/\/modilita.lt\/#\/schema\/logo\/image\/\"},\"sameAs\":[\"https:\/\/www.facebook.com\/profile.php?id=61565590027081\",\"https:\/\/www.instagram.com\/modilita.lt\/\"]}]}<\/script>\n<!-- \/ Yoast SEO plugin. -->","yoast_head_json":{"title":"F\u00fcr Ihr erfolgreiches Gesch\u00e4ft - Modilita","robots":{"index":"index","follow":"follow","max-snippet":"max-snippet:-1","max-image-preview":"max-image-preview:large","max-video-preview":"max-video-preview:-1"},"canonical":"https:\/\/modilita.lt\/de\/fuer-ihr-erfolgreiches-geschaeft\/","og_locale":"de_DE","og_type":"article","og_title":"F\u00fcr Ihr erfolgreiches Gesch\u00e4ft - Modilita","og_description":"Beschreibung Modulare Geb\u00e4ude lassen sich leicht an Ihr Unternehmen anpassen. Ob es sich um ein Caf\u00e9, einen Friseursalon, ein B\u00fcro oder etwas anderes handelt. Je nach den Abmessungen kann die Innenausstattung an Ihre Bed\u00fcrfnisse angepasst werden. Die Informationen auf der Website zeigen das Maxi-Modul, aber auch das kleinere Medi-Modul kann verwendet werden. Einige der vielen [&hellip;]","og_url":"https:\/\/modilita.lt\/de\/fuer-ihr-erfolgreiches-geschaeft\/","og_site_name":"Modilita","article_publisher":"https:\/\/www.facebook.com\/profile.php?id=61565590027081","article_modified_time":"2025-07-23T21:37:33+00:00","og_image":[{"width":1024,"height":394,"url":"https:\/\/modilita.lt\/wp-content\/uploads\/2024\/12\/Rectangle-23-1024x394.png","type":"image\/png"}],"twitter_card":"summary_large_image","twitter_misc":{"Gesch\u00e4tzte Lesezeit":"1\u00a0Minute"},"schema":{"@context":"https:\/\/schema.org","@graph":[{"@type":"WebPage","@id":"https:\/\/modilita.lt\/de\/fuer-ihr-erfolgreiches-geschaeft\/","url":"https:\/\/modilita.lt\/de\/fuer-ihr-erfolgreiches-geschaeft\/","name":"F\u00fcr Ihr erfolgreiches Gesch\u00e4ft - Modilita","isPartOf":{"@id":"https:\/\/modilita.lt\/#website"},"primaryImageOfPage":{"@id":"https:\/\/modilita.lt\/de\/fuer-ihr-erfolgreiches-geschaeft\/#primaryimage"},"image":{"@id":"https:\/\/modilita.lt\/de\/fuer-ihr-erfolgreiches-geschaeft\/#primaryimage"},"thumbnailUrl":"https:\/\/modilita.lt\/wp-content\/uploads\/2024\/12\/Rectangle-23.png","datePublished":"2024-12-06T18:58:22+00:00","dateModified":"2025-07-23T21:37:33+00:00","breadcrumb":{"@id":"https:\/\/modilita.lt\/de\/fuer-ihr-erfolgreiches-geschaeft\/#breadcrumb"},"inLanguage":"de","potentialAction":[{"@type":"ReadAction","target":["https:\/\/modilita.lt\/de\/fuer-ihr-erfolgreiches-geschaeft\/"]}]},{"@type":"ImageObject","inLanguage":"de","@id":"https:\/\/modilita.lt\/de\/fuer-ihr-erfolgreiches-geschaeft\/#primaryimage","url":"https:\/\/modilita.lt\/wp-content\/uploads\/2024\/12\/Rectangle-23.png","contentUrl":"https:\/\/modilita.lt\/wp-content\/uploads\/2024\/12\/Rectangle-23.png"},{"@type":"BreadcrumbList","@id":"https:\/\/modilita.lt\/de\/fuer-ihr-erfolgreiches-geschaeft\/#breadcrumb","itemListElement":[{"@type":"ListItem","position":1,"name":"Home","item":"https:\/\/modilita.lt\/de\/"},{"@type":"ListItem","position":2,"name":"F\u00fcr Ihr erfolgreiches Gesch\u00e4ft"}]},{"@type":"WebSite","@id":"https:\/\/modilita.lt\/#website","url":"https:\/\/modilita.lt\/","name":"Modilita","description":"","publisher":{"@id":"https:\/\/modilita.lt\/#organization"},"potentialAction":[{"@type":"SearchAction","target":{"@type":"EntryPoint","urlTemplate":"https:\/\/modilita.lt\/?s={search_term_string}"},"query-input":{"@type":"PropertyValueSpecification","valueRequired":true,"valueName":"search_term_string"}}],"inLanguage":"de"},{"@type":"Organization","@id":"https:\/\/modilita.lt\/#organization","name":"Modilita","url":"https:\/\/modilita.lt\/","logo":{"@type":"ImageObject","inLanguage":"de","@id":"https:\/\/modilita.lt\/#\/schema\/logo\/image\/","url":"https:\/\/modilita.lt\/wp-content\/uploads\/2024\/08\/Modilita-logo.svg","contentUrl":"https:\/\/modilita.lt\/wp-content\/uploads\/2024\/08\/Modilita-logo.svg","width":204,"height":28,"caption":"Modilita"},"image":{"@id":"https:\/\/modilita.lt\/#\/schema\/logo\/image\/"},"sameAs":["https:\/\/www.facebook.com\/profile.php?id=61565590027081","https:\/\/www.instagram.com\/modilita.lt\/"]}]}},"_links":{"self":[{"href":"https:\/\/modilita.lt\/de\/wp-json\/wp\/v2\/pages\/1326","targetHints":{"allow":["GET"]}}],"collection":[{"href":"https:\/\/modilita.lt\/de\/wp-json\/wp\/v2\/pages"}],"about":[{"href":"https:\/\/modilita.lt\/de\/wp-json\/wp\/v2\/types\/page"}],"author":[{"embeddable":true,"href":"https:\/\/modilita.lt\/de\/wp-json\/wp\/v2\/users\/1"}],"replies":[{"embeddable":true,"href":"https:\/\/modilita.lt\/de\/wp-json\/wp\/v2\/comments?post=1326"}],"version-history":[{"count":11,"href":"https:\/\/modilita.lt\/de\/wp-json\/wp\/v2\/pages\/1326\/revisions"}],"predecessor-version":[{"id":2002,"href":"https:\/\/modilita.lt\/de\/wp-json\/wp\/v2\/pages\/1326\/revisions\/2002"}],"wp:attachment":[{"href":"https:\/\/modilita.lt\/de\/wp-json\/wp\/v2\/media?parent=1326"}],"curies":[{"name":"wp","href":"https:\/\/api.w.org\/{rel}","templated":true}]}}